{"id":57,"date":"2025-09-16T11:41:38","date_gmt":"2025-09-16T09:41:38","guid":{"rendered":"https:\/\/beta.perfectserwis.com\/?page_id=57"},"modified":"2025-11-01T14:56:22","modified_gmt":"2025-11-01T13:56:22","slug":"nasz-team","status":"publish","type":"page","link":"https:\/\/perfectserwis.com\/uk\/nasz-team\/","title":{"rendered":"\u043d\u0430\u0448\u0430 \u043a\u043e\u043c\u0430\u043d\u0434\u0430"},"content":{"rendered":"<h1 class=\"wp-block-heading has-text-align-center\">\u043d\u0430\u0448\u0430 \u043a\u043e\u043c\u0430\u043d\u0434\u0430<\/h1>\n\n\n\n<hr class=\"wp-block-separator has-alpha-channel-opacity is-style-wide\"\/>\n\n\n\n<div class=\"wp-block-uagb-container uagb-block-fa4f67b3 alignfull uagb-is-root-container\"><div class=\"uagb-container-inner-blocks-wrap\">\n<div class=\"wp-block-columns is-layout-flex wp-container-core-columns-is-layout-28f84493 wp-block-columns-is-layout-flex\">\n<div class=\"wp-block-column is-layout-flow wp-block-column-is-layout-flow\">\n<figure class=\"wp-block-image size-full has-custom-border\"><img loading=\"lazy\" decoding=\"async\" width=\"640\" height=\"640\" src=\"https:\/\/perfectserwis.com\/wp-content\/uploads\/2025\/10\/6258.jpg\" alt=\"\" class=\"wp-image-155\" style=\"border-radius:50px\" srcset=\"https:\/\/perfectserwis.com\/wp-content\/uploads\/2025\/10\/6258.jpg 640w, https:\/\/perfectserwis.com\/wp-content\/uploads\/2025\/10\/6258-300x300.jpg 300w, https:\/\/perfectserwis.com\/wp-content\/uploads\/2025\/10\/6258-150x150.jpg 150w, https:\/\/perfectserwis.com\/wp-content\/uploads\/2025\/10\/6258-12x12.jpg 12w\" sizes=\"auto, (max-width: 640px) 100vw, 640px\" \/><\/figure>\n<\/div>\n\n\n\n<div class=\"wp-block-column is-layout-flow wp-block-column-is-layout-flow\">\n<p class=\"has-medium-font-size\">Dyrektor ds. Kontrakt\u00f3w Zagranicznych<\/p>\n\n\n\n<p><br>Odpowiedzialna za nadz\u00f3r i koordynacj\u0119 wsp\u00f3\u0142pracy z partnerami zagranicznymi, negocjacje um\u00f3w oraz rozw\u00f3j relacji biznesowych na rynkach niemieckoj\u0119zycznych. Do zada\u0144 nale\u017cy r\u00f3wnie\u017c analiza rynku, pozyskiwanie nowych kontrahent\u00f3w oraz nadz\u00f3r nad realizacj\u0105 kontrakt\u00f3w i jako\u015bci\u0105 us\u0142ug<\/p>\n<\/div>\n<\/div>\n\n\n\n<div class=\"wp-block-uagb-container uagb-block-e8d2ade9 alignfull uagb-is-root-container\"><div class=\"uagb-container-inner-blocks-wrap\">\n<div class=\"wp-block-columns is-layout-flex wp-container-core-columns-is-layout-28f84493 wp-block-columns-is-layout-flex\">\n<div class=\"wp-block-column is-layout-flow wp-block-column-is-layout-flow\">\n<figure class=\"wp-block-image size-full has-custom-border\"><img loading=\"lazy\" decoding=\"async\" width=\"887\" height=\"654\" src=\"https:\/\/perfectserwis.com\/wp-content\/uploads\/2025\/09\/ilona.avif\" alt=\"\" class=\"wp-image-58\" style=\"border-radius:50px\"\/><\/figure>\n<\/div>\n\n\n\n<div class=\"wp-block-column is-layout-flow wp-block-column-is-layout-flow\">\n<p class=\"has-medium-font-size\"><strong>\u0406\u043b\u043e\u043d\u0430<\/strong> - \u0412\u0430\u0448 \u043a\u043e\u043e\u0440\u0434\u0438\u043d\u0430\u0442\u043e\u0440 \u0440\u043e\u0431\u043e\u0442\u0438 \u0437\u0430 \u043a\u043e\u0440\u0434\u043e\u043d\u043e\u043c<\/p>\n\n\n\n<p>\u041f\u0440\u043e\u0442\u044f\u0433\u043e\u043c \u0431\u0430\u0433\u0430\u0442\u044c\u043e\u0445 \u0440\u043e\u043a\u0456\u0432 \u044f \u0434\u043e\u043f\u043e\u043c\u0430\u0433\u0430\u044e \u043f\u0440\u0430\u0446\u0456\u0432\u043d\u0438\u043a\u0430\u043c \u0437\u043d\u0430\u0439\u0442\u0438 \u0431\u0435\u0437\u043f\u0435\u0447\u043d\u0443 \u0442\u0430 \u0434\u043e\u0431\u0440\u0435 \u043e\u043f\u043b\u0430\u0447\u0443\u0432\u0430\u043d\u0443 \u0440\u043e\u0431\u043e\u0442\u0443 \u0432 \u041d\u0456\u043c\u0435\u0447\u0447\u0438\u043d\u0456 \u0442\u0430 \u0456\u043d\u0448\u0438\u0445 \u043a\u0440\u0430\u0457\u043d\u0430\u0445 \u0404\u0421.<br>\u042f \u043e\u0440\u0456\u0454\u043d\u0442\u0443\u044e\u0441\u044f \u043d\u0430 \u0447\u0435\u0441\u043d\u0456\u0441\u0442\u044c, \u0431\u0435\u0437\u043f\u0435\u043a\u0443 \u0442\u0430 \u0456\u043d\u0434\u0438\u0432\u0456\u0434\u0443\u0430\u043b\u044c\u043d\u0438\u0439 \u043f\u0456\u0434\u0445\u0456\u0434 \u0434\u043e \u043a\u043e\u0436\u043d\u043e\u0457 \u043b\u044e\u0434\u0438\u043d\u0438, \u0442\u043e\u043c\u0443 \u0432\u0438 \u043c\u043e\u0436\u0435\u0442\u0435 \u0431\u0443\u0442\u0438 \u0432\u043f\u0435\u0432\u043d\u0435\u043d\u0456, \u0449\u043e \u044f \u0437\u043d\u0430\u0439\u0434\u0443 \u043f\u0440\u043e\u043f\u043e\u0437\u0438\u0446\u0456\u044e, \u044f\u043a\u0430 \u0432\u0456\u0434\u043f\u043e\u0432\u0456\u0434\u0430\u0454 \u0432\u0430\u0448\u0438\u043c \u043d\u0430\u0432\u0438\u0447\u043a\u0430\u043c \u0442\u0430 \u043e\u0447\u0456\u043a\u0443\u0432\u0430\u043d\u043d\u044f\u043c.<\/p>\n\n\n\n<p>\ud83d\udcbc \u041f\u0440\u0430\u0446\u044e\u044e \u0437 \u0448\u0438\u0440\u043e\u043a\u0438\u043c \u0441\u043f\u0435\u043a\u0442\u0440\u043e\u043c \u0456\u043d\u0434\u0443\u0441\u0442\u0440\u0456\u0439:<br>- \u0414\u043e\u0433\u043b\u044f\u0434 \u0437\u0430 \u043b\u044e\u0434\u044c\u043c\u0438 \u043f\u043e\u0445\u0438\u043b\u043e\u0433\u043e \u0432\u0456\u043a\u0443 (\u043f\u043e\u043b\u044c\u0441\u044c\u043a\u0456 \u0430\u0431\u043e \u043d\u0456\u043c\u0435\u0446\u044c\u043a\u0456 \u0443\u043c\u043e\u0432\u0438)<br>- \u0412\u0438\u0440\u043e\u0431\u043d\u0438\u0446\u0442\u0432\u043e \u0442\u0430 \u043b\u043e\u0433\u0456\u0441\u0442\u0438\u043a\u0430<br>- \u0413\u043e\u0442\u0435\u043b\u0456 \u0442\u0430 \u0433\u0440\u043e\u043c\u0430\u0434\u0441\u044c\u043a\u0435 \u0445\u0430\u0440\u0447\u0443\u0432\u0430\u043d\u043d\u044f<br>- \u041f\u0440\u0438\u0431\u0438\u0440\u0430\u043d\u043d\u044f<br>- \u0421\u0435\u0437\u043e\u043d\u043d\u0430 \u0440\u043e\u0431\u043e\u0442\u0430<\/p>\n\n\n\n<p>\u0429\u043e \u0432\u0438 \u043e\u0442\u0440\u0438\u043c\u0443\u0454\u0442\u0435?<br>- \u041b\u0435\u0433\u0430\u043b\u044c\u043d\u0435 \u043f\u0440\u0430\u0446\u0435\u0432\u043b\u0430\u0448\u0442\u0443\u0432\u0430\u043d\u043d\u044f<br>- \u041f\u0435\u0440\u0435\u0432\u0456\u0440\u0435\u043d\u0456 \u0440\u043e\u0431\u043e\u0447\u0456 \u043c\u0456\u0441\u0446\u044f<br>- \u041e\u0440\u0433\u0430\u043d\u0456\u0437\u0430\u0446\u0456\u044f \u0442\u0440\u0430\u043d\u0441\u043f\u043e\u0440\u0442\u0443 \u0442\u0430 \u043f\u0440\u043e\u0436\u0438\u0432\u0430\u043d\u043d\u044f<br>- \u041f\u0456\u0434\u0442\u0440\u0438\u043c\u043a\u0430 24\/7<\/p>\n\n\n\n<p>\u0417\u0432'\u044f\u0436\u0456\u0442\u044c\u0441\u044f \u0437\u0456 \u043c\u043d\u043e\u044e, \u0456 \u044f \u0437\u043d\u0430\u0439\u0434\u0443 \u0434\u043b\u044f \u0432\u0430\u0441 \u043f\u0440\u043e\u043f\u043e\u0437\u0438\u0446\u0456\u044e, \u044f\u043a\u0430 \u0432\u0456\u0434\u043f\u043e\u0432\u0456\u0434\u0430\u0454 \u0432\u0430\u0448\u0438\u043c \u043e\u0447\u0456\u043a\u0443\u0432\u0430\u043d\u043d\u044f\u043c.<\/p>\n<\/div>\n<\/div>\n<\/div><\/div>\n\n\n\n<div class=\"wp-block-uagb-container uagb-block-ba82b0c8 alignfull uagb-is-root-container\"><div class=\"uagb-container-inner-blocks-wrap\">\n<div class=\"wp-block-columns is-layout-flex wp-container-core-columns-is-layout-28f84493 wp-block-columns-is-layout-flex\">\n<div class=\"wp-block-column is-layout-flow wp-block-column-is-layout-flow\">\n<figure class=\"wp-block-image size-full has-custom-border\"><img loading=\"lazy\" decoding=\"async\" width=\"912\" height=\"672\" src=\"https:\/\/perfectserwis.com\/wp-content\/uploads\/2025\/09\/lidia.avif\" alt=\"\" class=\"wp-image-60\" style=\"border-radius:50px\"\/><\/figure>\n<\/div>\n\n\n\n<div class=\"wp-block-column is-layout-flow wp-block-column-is-layout-flow\">\n<p class=\"has-medium-font-size\"><strong>\u041b\u0456\u0434\u0456\u044f.<\/strong> \u041a\u043e\u043e\u0440\u0434\u0438\u043d\u0430\u0442\u043e\u0440 \u0437 5-\u0440\u0456\u0447\u043d\u0438\u043c \u0434\u043e\u0441\u0432\u0456\u0434\u043e\u043c \u0440\u043e\u0431\u043e\u0442\u0438 \u0432 \u0440\u0435\u043a\u0440\u0443\u0442\u0438\u043d\u0433\u043e\u0432\u0456\u0439 \u0456\u043d\u0434\u0443\u0441\u0442\u0440\u0456\u0457<\/p>\n\n\n\n<p>\u041f\u0440\u043e\u0442\u044f\u0433\u043e\u043c \u043f'\u044f\u0442\u0438 \u0440\u043e\u043a\u0456\u0432 \u044f \u0443\u0441\u043f\u0456\u0448\u043d\u043e \u0437\u043d\u0430\u0445\u043e\u0434\u0436\u0443 \u0434\u043b\u044f \u0441\u043f\u0456\u0432\u0440\u043e\u0431\u0456\u0442\u043d\u0438\u043a\u0456\u0432 \u043d\u0430\u0439\u043a\u0440\u0430\u0449\u0456 \u043c\u043e\u0436\u043b\u0438\u0432\u043e\u0441\u0442\u0456 \u043f\u0440\u0430\u0446\u0435\u0432\u043b\u0430\u0448\u0442\u0443\u0432\u0430\u043d\u043d\u044f \u0432 \u041d\u0456\u043c\u0435\u0447\u0447\u0438\u043d\u0456 \u0442\u0430 \u0456\u043d\u0448\u0438\u0445 \u043a\u0440\u0430\u0457\u043d\u0430\u0445 \u0404\u0421.<br>\u042f\u043a \u043a\u043e\u043e\u0440\u0434\u0438\u043d\u0430\u0442\u043e\u0440, \u044f \u0441\u0442\u0435\u0436\u0443 \u0437\u0430 \u0442\u0438\u043c, \u0449\u043e\u0431 \u043a\u043e\u0436\u043d\u0430 \u043b\u044e\u0434\u0438\u043d\u0430, \u044f\u043a\u0430 \u0432\u0438\u0457\u0436\u0434\u0436\u0430\u0454, \u043e\u0442\u0440\u0438\u043c\u0430\u043b\u0430 \u043f\u0435\u0440\u0435\u0432\u0456\u0440\u0435\u043d\u0435 \u0456 \u043b\u0435\u0433\u0456\u0442\u0438\u043c\u043d\u0435 \u043f\u0440\u0438\u0437\u043d\u0430\u0447\u0435\u043d\u043d\u044f, \u0449\u043e \u0432\u0456\u0434\u043f\u043e\u0432\u0456\u0434\u0430\u0454 \u0457\u0457 \u043d\u0430\u0432\u0438\u0447\u043a\u0430\u043c \u0456 \u043e\u0447\u0456\u043a\u0443\u0432\u0430\u043d\u043d\u044f\u043c.<\/p>\n\n\n\n<p>\u041f\u0440\u0430\u0446\u044e\u044e\u0447\u0438 \u0437 \u043f\u0435\u0440\u0435\u0432\u0456\u0440\u0435\u043d\u0438\u043c\u0438 \u0440\u043e\u0431\u043e\u0442\u043e\u0434\u0430\u0432\u0446\u044f\u043c\u0438 \u043f\u0440\u043e\u0442\u044f\u0433\u043e\u043c \u0431\u0430\u0433\u0430\u0442\u044c\u043e\u0445 \u0440\u043e\u043a\u0456\u0432, \u044f \u043c\u043e\u0436\u0443 \u0437\u0430\u043f\u0440\u043e\u043f\u043e\u043d\u0443\u0432\u0430\u0442\u0438:<br>- \u0421\u0442\u0430\u0431\u0456\u043b\u044c\u043d\u0456, \u0434\u043e\u0432\u0433\u043e\u0441\u0442\u0440\u043e\u043a\u043e\u0432\u0456 \u043a\u043e\u043d\u0442\u0440\u0430\u043a\u0442\u0438<br>- \u041f\u043e\u043b\u044c\u0441\u044c\u043a\u0456 \u0430\u0431\u043e \u043d\u0456\u043c\u0435\u0446\u044c\u043a\u0456 \u0443\u043c\u043e\u0432\u0438<br>- \u041f\u0456\u0434\u0442\u0440\u0438\u043c\u043a\u0430 \u043d\u0430 \u043a\u043e\u0436\u043d\u043e\u043c\u0443 \u0435\u0442\u0430\u043f\u0456 \u0441\u043f\u0456\u0432\u043f\u0440\u0430\u0446\u0456<br>- \u041f\u043e\u0432\u043d\u0430 \u043e\u0440\u0433\u0430\u043d\u0456\u0437\u0430\u0446\u0456\u044f \u043f\u0435\u0440\u0435\u0432\u0435\u0437\u0435\u043d\u044c<\/p>\n\n\n\n<p>\ud83d\udccc \u041f\u0440\u043e\u043f\u043e\u0437\u0438\u0446\u0456\u0457 \u043d\u0435 \u0442\u0456\u043b\u044c\u043a\u0438 \u0432 \u0434\u043e\u0433\u043b\u044f\u0434\u0456!<br>\u042f \u0442\u0430\u043a\u043e\u0436 \u043c\u0430\u044e \u0434\u043e\u0441\u0432\u0456\u0434 \u0440\u043e\u0431\u043e\u0442\u0438 \u0432 \u0456\u043d\u0448\u0438\u0445 \u0433\u0430\u043b\u0443\u0437\u044f\u0445, \u0437\u043e\u043a\u0440\u0435\u043c\u0430, \u0432 \u0456\u043d\u0448\u0438\u0445 \u0441\u0435\u043a\u0442\u043e\u0440\u0430\u0445:<br>- \u0412\u0438\u0440\u043e\u0431\u043d\u0438\u0446\u0442\u0432\u043e \u0442\u0430 \u0441\u043a\u043b\u0430\u0434\u0438<br>- \u0413\u0440\u043e\u043c\u0430\u0434\u0441\u044c\u043a\u0435 \u0445\u0430\u0440\u0447\u0443\u0432\u0430\u043d\u043d\u044f \u0442\u0430 \u0433\u043e\u0441\u0442\u0438\u043d\u043d\u0456\u0441\u0442\u044c<br>- \u041f\u0440\u0438\u0431\u0438\u0440\u0430\u043d\u043d\u044f \u0442\u0430 \u0432\u0435\u0434\u0435\u043d\u043d\u044f \u0434\u043e\u043c\u0430\u0448\u043d\u044c\u043e\u0433\u043e \u0433\u043e\u0441\u043f\u043e\u0434\u0430\u0440\u0441\u0442\u0432\u0430<br>- \u0421\u0435\u0437\u043e\u043d\u043d\u0430 \u0440\u043e\u0431\u043e\u0442\u0430<\/p>\n<\/div>\n<\/div>\n<\/div><\/div>\n\n\n\n<div class=\"wp-block-uagb-container uagb-block-8494d648 alignfull uagb-is-root-container\"><div class=\"uagb-container-inner-blocks-wrap\">\n<div class=\"wp-block-columns is-layout-flex wp-container-core-columns-is-layout-28f84493 wp-block-columns-is-layout-flex\">\n<div class=\"wp-block-column is-layout-flow wp-block-column-is-layout-flow\">\n<figure class=\"wp-block-image size-full has-custom-border\"><img loading=\"lazy\" decoding=\"async\" width=\"596\" height=\"439\" src=\"https:\/\/perfectserwis.com\/wp-content\/uploads\/2025\/09\/ja.avif\" alt=\"\" class=\"wp-image-59\" style=\"border-radius:50px\"\/><\/figure>\n<\/div>\n\n\n\n<div class=\"wp-block-column is-layout-flow wp-block-column-is-layout-flow\">\n<p class=\"has-medium-font-size\"><strong>OskarM<\/strong> \u0412\u0435\u0431-\u0440\u043e\u0437\u0440\u043e\u0431\u043d\u0438\u043a\/\u0406\u0422 <\/p>\n\n\n\n<p>\u041e\u0441\u043a\u0430\u0440 \u0432\u0456\u0434\u043f\u043e\u0432\u0456\u0434\u0430\u0454 \u0437\u0430 \u0432\u0441\u0456 \u0442\u0435\u0445\u043d\u0456\u0447\u043d\u0456 \u0430\u0441\u043f\u0435\u043a\u0442\u0438, \u043f\u043e\u0432'\u044f\u0437\u0430\u043d\u0456 \u0437 \u0444\u0443\u043d\u043a\u0446\u0456\u043e\u043d\u0443\u0432\u0430\u043d\u043d\u044f\u043c PerfectSerwis.com. \u0421\u0430\u043c\u0435 \u0432\u0456\u043d \u0441\u0442\u0432\u043e\u0440\u0438\u0432 \u0432\u0435\u0431-\u0441\u0430\u0439\u0442, \u043d\u0430\u043b\u0430\u0448\u0442\u0443\u0432\u0430\u0432 \u0432\u043d\u0443\u0442\u0440\u0456\u0448\u043d\u0456 \u0441\u0438\u0441\u0442\u0435\u043c\u0438 \u0442\u0430 \u043f\u043e\u0434\u0431\u0430\u0432 \u043f\u0440\u043e \u0435\u043b\u0435\u043a\u0442\u0440\u043e\u043d\u043d\u0443 \u043f\u043e\u0448\u0442\u0443 \u043a\u043e\u043c\u043f\u0430\u043d\u0456\u0457. \u0417\u0430\u0432\u0434\u044f\u043a\u0438 \u0439\u043e\u0433\u043e \u0440\u043e\u0431\u043e\u0442\u0456 \u0432\u0441\u0435 \u043f\u0440\u0430\u0446\u044e\u0454 \u0431\u0435\u0437\u043f\u0435\u0440\u0435\u0431\u0456\u0439\u043d\u043e, \u0431\u0435\u0437\u043f\u0435\u0447\u043d\u043e \u0456 \u0432\u0456\u0434\u043f\u043e\u0432\u0456\u0434\u043d\u043e \u0434\u043e \u043f\u043e\u0442\u0440\u0435\u0431 \u043a\u043e\u043c\u0430\u043d\u0434\u0438. \u0412\u0456\u043d \u0437\u0430\u0432\u0436\u0434\u0438 \u0448\u0443\u043a\u0430\u0454 \u043f\u0440\u0430\u043a\u0442\u0438\u0447\u043d\u0456 \u0440\u0456\u0448\u0435\u043d\u043d\u044f, \u044f\u043a\u0456 \u043f\u043e\u043a\u0440\u0430\u0449\u0443\u044e\u0442\u044c \u0449\u043e\u0434\u0435\u043d\u043d\u0443 \u0440\u043e\u0431\u043e\u0442\u0443 \u0442\u0430 \u043a\u043e\u043c\u0443\u043d\u0456\u043a\u0430\u0446\u0456\u044e. \u042f\u043a\u0449\u043e \u0449\u043e\u0441\u044c \u043f\u0440\u0430\u0446\u044e\u0454, \u0442\u043e \u0446\u0435 \u0437\u0430\u0432\u0434\u044f\u043a\u0438 \u0439\u043e\u043c\u0443.<\/p>\n<\/div>\n<\/div>\n<\/div><\/div>\n<\/div><\/div>\n\n\n\n<p><\/p>","protected":false},"excerpt":{"rendered":"<p>nasz team Dyrektor ds. Kontrakt\u00f3w Zagranicznych Odpowiedzialna za nadz\u00f3r i koordynacj\u0119 wsp\u00f3\u0142pracy z partnerami zagranicznymi, negocjacje um\u00f3w oraz rozw\u00f3j relacji [&hellip;]<\/p>","protected":false},"author":1,"featured_media":0,"parent":0,"menu_order":0,"comment_status":"closed","ping_status":"closed","template":"","meta":{"_uag_custom_page_level_css":"","site-sidebar-layout":"default","site-content-layout":"","ast-site-content-layout":"default","site-content-style":"default","site-sidebar-style":"default","ast-global-header-display":"","ast-banner-title-visibility":"","ast-main-header-display":"","ast-hfb-above-header-display":"","ast-hfb-below-header-display":"","ast-hfb-mobile-header-display":"","site-post-title":"disabled","ast-breadcrumbs-content":"","ast-featured-img":"","footer-sml-layout":"","theme-transparent-header-meta":"","adv-header-id-meta":"","stick-header-meta":"","header-above-stick-meta":"","header-main-stick-meta":"","header-below-stick-meta":"","astra-migrate-meta-layouts":"default","ast-page-background-enabled":"default","ast-page-background-meta":{"desktop":{"background-color":"var(--ast-global-color-5)","background-image":"","background-repeat":"repeat","background-position":"center center","background-size":"auto","background-attachment":"scroll","background-type":"","background-media":"","overlay-type":"","overlay-color":"","overlay-opacity":"","overlay-gradient":""},"tablet":{"background-color":"","background-image":"","background-repeat":"repeat","background-position":"center center","background-size":"auto","background-attachment":"scroll","background-type":"","background-media":"","overlay-type":"","overlay-color":"","overlay-opacity":"","overlay-gradient":""},"mobile":{"background-color":"","background-image":"","background-repeat":"repeat","background-position":"center center","background-size":"auto","background-attachment":"scroll","background-type":"","background-media":"","overlay-type":"","overlay-color":"","overlay-opacity":"","overlay-gradient":""}},"ast-content-background-meta":{"desktop":{"background-color":"var(--ast-global-color-4)","background-image":"","background-repeat":"repeat","background-position":"center center","background-size":"auto","background-attachment":"scroll","background-type":"","background-media":"","overlay-type":"","overlay-color":"","overlay-opacity":"","overlay-gradient":""},"tablet":{"background-color":"var(--ast-global-color-4)","background-image":"","background-repeat":"repeat","background-position":"center center","background-size":"auto","background-attachment":"scroll","background-type":"","background-media":"","overlay-type":"","overlay-color":"","overlay-opacity":"","overlay-gradient":""},"mobile":{"background-color":"var(--ast-global-color-4)","background-image":"","background-repeat":"repeat","background-position":"center center","background-size":"auto","background-attachment":"scroll","background-type":"","background-media":"","overlay-type":"","overlay-color":"","overlay-opacity":"","overlay-gradient":""}},"footnotes":""},"class_list":["post-57","page","type-page","status-publish","hentry"],"yoast_head":"<!-- This site is optimized with the Yoast SEO plugin v25.9 - https:\/\/yoast.com\/wordpress\/plugins\/seo\/ -->\n<title>nasz team - perfectserwis.com<\/title>\n<meta name=\"robots\" content=\"index, follow, max-snippet:-1, max-image-preview:large, max-video-preview:-1\" \/>\n<link rel=\"canonical\" href=\"https:\/\/perfectserwis.com\/uk\/nasz-team\/\" \/>\n<meta property=\"og:locale\" content=\"uk_UA\" \/>\n<meta property=\"og:type\" content=\"article\" \/>\n<meta property=\"og:title\" content=\"nasz team - perfectserwis.com\" \/>\n<meta property=\"og:description\" content=\"nasz team Dyrektor ds. Kontrakt\u00f3w Zagranicznych Odpowiedzialna za nadz\u00f3r i koordynacj\u0119 wsp\u00f3\u0142pracy z partnerami zagranicznymi, negocjacje um\u00f3w oraz rozw\u00f3j relacji [&hellip;]\" \/>\n<meta property=\"og:url\" content=\"https:\/\/perfectserwis.com\/uk\/nasz-team\/\" \/>\n<meta property=\"og:site_name\" content=\"perfectserwis.com\" \/>\n<meta property=\"article:modified_time\" content=\"2025-11-01T13:56:22+00:00\" \/>\n<meta property=\"og:image\" content=\"https:\/\/perfectserwis.com\/wp-content\/uploads\/2025\/10\/6258.jpg\" \/>\n\t<meta property=\"og:image:width\" content=\"640\" \/>\n\t<meta property=\"og:image:height\" content=\"640\" \/>\n\t<meta property=\"og:image:type\" content=\"image\/jpeg\" \/>\n<meta name=\"twitter:card\" content=\"summary_large_image\" \/>\n<meta name=\"twitter:label1\" content=\"\u041f\u0440\u0438\u0431\u043b. \u0447\u0430\u0441 \u0447\u0438\u0442\u0430\u043d\u043d\u044f\" \/>\n\t<meta name=\"twitter:data1\" content=\"3 \u0445\u0432\u0438\u043b\u0438\u043d\u0438\" \/>\n<script type=\"application\/ld+json\" class=\"yoast-schema-graph\">{\"@context\":\"https:\/\/schema.org\",\"@graph\":[{\"@type\":\"WebPage\",\"@id\":\"https:\/\/perfectserwis.com\/nasz-team\/\",\"url\":\"https:\/\/perfectserwis.com\/nasz-team\/\",\"name\":\"nasz team - perfectserwis.com\",\"isPartOf\":{\"@id\":\"https:\/\/perfectserwis.com\/pl\/#website\"},\"primaryImageOfPage\":{\"@id\":\"https:\/\/perfectserwis.com\/nasz-team\/#primaryimage\"},\"image\":{\"@id\":\"https:\/\/perfectserwis.com\/nasz-team\/#primaryimage\"},\"thumbnailUrl\":\"https:\/\/perfectserwis.com\/wp-content\/uploads\/2025\/10\/6258.jpg\",\"datePublished\":\"2025-09-16T09:41:38+00:00\",\"dateModified\":\"2025-11-01T13:56:22+00:00\",\"breadcrumb\":{\"@id\":\"https:\/\/perfectserwis.com\/nasz-team\/#breadcrumb\"},\"inLanguage\":\"uk\",\"potentialAction\":[{\"@type\":\"ReadAction\",\"target\":[\"https:\/\/perfectserwis.com\/nasz-team\/\"]}]},{\"@type\":\"ImageObject\",\"inLanguage\":\"uk\",\"@id\":\"https:\/\/perfectserwis.com\/nasz-team\/#primaryimage\",\"url\":\"https:\/\/perfectserwis.com\/wp-content\/uploads\/2025\/10\/6258.jpg\",\"contentUrl\":\"https:\/\/perfectserwis.com\/wp-content\/uploads\/2025\/10\/6258.jpg\"},{\"@type\":\"BreadcrumbList\",\"@id\":\"https:\/\/perfectserwis.com\/nasz-team\/#breadcrumb\",\"itemListElement\":[{\"@type\":\"ListItem\",\"position\":1,\"name\":\"Strona g\u0142\u00f3wna\",\"item\":\"https:\/\/perfectserwis.com\/\"},{\"@type\":\"ListItem\",\"position\":2,\"name\":\"nasz team\"}]},{\"@type\":\"WebSite\",\"@id\":\"https:\/\/perfectserwis.com\/pl\/#website\",\"url\":\"https:\/\/perfectserwis.com\/pl\/\",\"name\":\"perfectserwis.com\",\"description\":\"\",\"publisher\":{\"@id\":\"https:\/\/perfectserwis.com\/pl\/#organization\"},\"potentialAction\":[{\"@type\":\"SearchAction\",\"target\":{\"@type\":\"EntryPoint\",\"urlTemplate\":\"https:\/\/perfectserwis.com\/pl\/?s={search_term_string}\"},\"query-input\":{\"@type\":\"PropertyValueSpecification\",\"valueRequired\":true,\"valueName\":\"search_term_string\"}}],\"inLanguage\":\"uk\"},{\"@type\":\"Organization\",\"@id\":\"https:\/\/perfectserwis.com\/pl\/#organization\",\"name\":\"PERFECT SERVIS\",\"url\":\"https:\/\/perfectserwis.com\/pl\/\",\"logo\":{\"@type\":\"ImageObject\",\"inLanguage\":\"uk\",\"@id\":\"https:\/\/perfectserwis.com\/pl\/#\/schema\/logo\/image\/\",\"url\":\"https:\/\/perfectserwis.com\/wp-content\/uploads\/2025\/09\/cropped-LOGO-PERFECTSERWIS.COM_-1.png\",\"contentUrl\":\"https:\/\/perfectserwis.com\/wp-content\/uploads\/2025\/09\/cropped-LOGO-PERFECTSERWIS.COM_-1.png\",\"width\":500,\"height\":354,\"caption\":\"PERFECT SERVIS\"},\"image\":{\"@id\":\"https:\/\/perfectserwis.com\/pl\/#\/schema\/logo\/image\/\"}}]}<\/script>\n<!-- \/ Yoast SEO plugin. -->","yoast_head_json":{"title":"nasz team - perfectserwis.com","robots":{"index":"index","follow":"follow","max-snippet":"max-snippet:-1","max-image-preview":"max-image-preview:large","max-video-preview":"max-video-preview:-1"},"canonical":"https:\/\/perfectserwis.com\/uk\/nasz-team\/","og_locale":"uk_UA","og_type":"article","og_title":"nasz team - perfectserwis.com","og_description":"nasz team Dyrektor ds. Kontrakt\u00f3w Zagranicznych Odpowiedzialna za nadz\u00f3r i koordynacj\u0119 wsp\u00f3\u0142pracy z partnerami zagranicznymi, negocjacje um\u00f3w oraz rozw\u00f3j relacji [&hellip;]","og_url":"https:\/\/perfectserwis.com\/uk\/nasz-team\/","og_site_name":"perfectserwis.com","article_modified_time":"2025-11-01T13:56:22+00:00","og_image":[{"width":640,"height":640,"url":"https:\/\/perfectserwis.com\/wp-content\/uploads\/2025\/10\/6258.jpg","type":"image\/jpeg"}],"twitter_card":"summary_large_image","twitter_misc":{"\u041f\u0440\u0438\u0431\u043b. \u0447\u0430\u0441 \u0447\u0438\u0442\u0430\u043d\u043d\u044f":"3 \u0445\u0432\u0438\u043b\u0438\u043d\u0438"},"schema":{"@context":"https:\/\/schema.org","@graph":[{"@type":"WebPage","@id":"https:\/\/perfectserwis.com\/nasz-team\/","url":"https:\/\/perfectserwis.com\/nasz-team\/","name":"nasz team - perfectserwis.com","isPartOf":{"@id":"https:\/\/perfectserwis.com\/pl\/#website"},"primaryImageOfPage":{"@id":"https:\/\/perfectserwis.com\/nasz-team\/#primaryimage"},"image":{"@id":"https:\/\/perfectserwis.com\/nasz-team\/#primaryimage"},"thumbnailUrl":"https:\/\/perfectserwis.com\/wp-content\/uploads\/2025\/10\/6258.jpg","datePublished":"2025-09-16T09:41:38+00:00","dateModified":"2025-11-01T13:56:22+00:00","breadcrumb":{"@id":"https:\/\/perfectserwis.com\/nasz-team\/#breadcrumb"},"inLanguage":"uk","potentialAction":[{"@type":"ReadAction","target":["https:\/\/perfectserwis.com\/nasz-team\/"]}]},{"@type":"ImageObject","inLanguage":"uk","@id":"https:\/\/perfectserwis.com\/nasz-team\/#primaryimage","url":"https:\/\/perfectserwis.com\/wp-content\/uploads\/2025\/10\/6258.jpg","contentUrl":"https:\/\/perfectserwis.com\/wp-content\/uploads\/2025\/10\/6258.jpg"},{"@type":"BreadcrumbList","@id":"https:\/\/perfectserwis.com\/nasz-team\/#breadcrumb","itemListElement":[{"@type":"ListItem","position":1,"name":"Strona g\u0142\u00f3wna","item":"https:\/\/perfectserwis.com\/"},{"@type":"ListItem","position":2,"name":"nasz team"}]},{"@type":"WebSite","@id":"https:\/\/perfectserwis.com\/pl\/#website","url":"https:\/\/perfectserwis.com\/pl\/","name":"perfectserwis.com","description":"","publisher":{"@id":"https:\/\/perfectserwis.com\/pl\/#organization"},"potentialAction":[{"@type":"SearchAction","target":{"@type":"EntryPoint","urlTemplate":"https:\/\/perfectserwis.com\/pl\/?s={search_term_string}"},"query-input":{"@type":"PropertyValueSpecification","valueRequired":true,"valueName":"search_term_string"}}],"inLanguage":"uk"},{"@type":"Organization","@id":"https:\/\/perfectserwis.com\/pl\/#organization","name":"PERFECT SERVIS","url":"https:\/\/perfectserwis.com\/pl\/","logo":{"@type":"ImageObject","inLanguage":"uk","@id":"https:\/\/perfectserwis.com\/pl\/#\/schema\/logo\/image\/","url":"https:\/\/perfectserwis.com\/wp-content\/uploads\/2025\/09\/cropped-LOGO-PERFECTSERWIS.COM_-1.png","contentUrl":"https:\/\/perfectserwis.com\/wp-content\/uploads\/2025\/09\/cropped-LOGO-PERFECTSERWIS.COM_-1.png","width":500,"height":354,"caption":"PERFECT SERVIS"},"image":{"@id":"https:\/\/perfectserwis.com\/pl\/#\/schema\/logo\/image\/"}}]}},"uagb_featured_image_src":{"full":false,"thumbnail":false,"medium":false,"medium_large":false,"large":false,"1536x1536":false,"2048x2048":false,"trp-custom-language-flag":false},"uagb_author_info":{"display_name":"oskar@milkowski.pro","author_link":"https:\/\/perfectserwis.com\/uk\/author\/oskarmilkowski-pro\/"},"uagb_comment_info":0,"uagb_excerpt":"nasz team Dyrektor ds. Kontrakt\u00f3w Zagranicznych Odpowiedzialna za nadz\u00f3r i koordynacj\u0119 wsp\u00f3\u0142pracy z partnerami zagranicznymi, negocjacje um\u00f3w oraz rozw\u00f3j relacji [&hellip;]","_links":{"self":[{"href":"https:\/\/perfectserwis.com\/uk\/wp-json\/wp\/v2\/pages\/57","targetHints":{"allow":["GET"]}}],"collection":[{"href":"https:\/\/perfectserwis.com\/uk\/wp-json\/wp\/v2\/pages"}],"about":[{"href":"https:\/\/perfectserwis.com\/uk\/wp-json\/wp\/v2\/types\/page"}],"author":[{"embeddable":true,"href":"https:\/\/perfectserwis.com\/uk\/wp-json\/wp\/v2\/users\/1"}],"replies":[{"embeddable":true,"href":"https:\/\/perfectserwis.com\/uk\/wp-json\/wp\/v2\/comments?post=57"}],"version-history":[{"count":8,"href":"https:\/\/perfectserwis.com\/uk\/wp-json\/wp\/v2\/pages\/57\/revisions"}],"predecessor-version":[{"id":158,"href":"https:\/\/perfectserwis.com\/uk\/wp-json\/wp\/v2\/pages\/57\/revisions\/158"}],"wp:attachment":[{"href":"https:\/\/perfectserwis.com\/uk\/wp-json\/wp\/v2\/media?parent=57"}],"curies":[{"name":"wp","href":"https:\/\/api.w.org\/{rel}","templated":true}]}}