{"id":37,"date":"2025-09-16T10:49:02","date_gmt":"2025-09-16T08:49:02","guid":{"rendered":"https:\/\/beta.perfectserwis.com\/?page_id=37"},"modified":"2025-09-18T18:49:07","modified_gmt":"2025-09-18T16:49:07","slug":"kontakt","status":"publish","type":"page","link":"https:\/\/perfectserwis.com\/uk\/kontakt\/","title":{"rendered":"\u043a\u043e\u043d\u0442\u0430\u043a\u0442"},"content":{"rendered":"<h1 class=\"wp-block-heading has-text-align-center\">\u043a\u043e\u043d\u0442\u0430\u043a\u0442<\/h1>\n\n\n\n<hr class=\"wp-block-separator has-alpha-channel-opacity is-style-wide\"\/>\n\n\n\n<div class=\"wp-block-uagb-container uagb-block-94b6ed9c alignfull uagb-is-root-container\"><div class=\"uagb-container-inner-blocks-wrap\">\n<div class=\"wp-block-uagb-container uagb-block-8a40c701\">\n<div class=\"wp-block-uagb-container uagb-layout-grid uagb-block-7ebf3b70 alignfull uagb-is-root-container\"><div class=\"uagb-container-inner-blocks-wrap\">\n<div class=\"wp-block-uagb-container uagb-block-9a8cd3d8\">\n<h3 class=\"wp-block-heading has-text-align-center\">contact@perfectserwis.com<\/h3>\n<\/div>\n\n\n\n<div class=\"wp-block-uagb-container uagb-block-bdce7d2e\">\n<h3 class=\"wp-block-heading has-text-align-center\">+48 575 905 780<\/h3>\n<\/div>\n\n\n\n<div class=\"wp-block-uagb-container uagb-block-77e4bd90\">\n<h3 class=\"wp-block-heading has-text-align-center\">\u0411\u0435\u0437\u0434\u043e\u0433\u0430\u043d\u043d\u0438\u0439 \u0441\u0435\u0440\u0432\u0456\u0441<br>ul. marsz. J\u00f3zefa pi\u0142sudskiego 74 lok. 320<br>50-020 \u0412\u0440\u043e\u0446\u043b\u0430\u0432<br>NIP: 4970045910 REGON: 080429057<\/h3>\n<\/div>\n<\/div><\/div>\n<\/div>\n\n\n\n<div class=\"wp-block-uagb-container uagb-block-27f752ca\"><style id=\"wpforms-css-vars-44-block-c491235b-2b8d-4096-8353-301f995a2e7b\">\n\t\t\t\t#wpforms-44.wpforms-block-c491235b-2b8d-4096-8353-301f995a2e7b {\n\t\t\t\t--wpforms-field-size-input-height: 43px;\n--wpforms-field-size-input-spacing: 15px;\n--wpforms-field-size-font-size: 16px;\n--wpforms-field-size-line-height: 19px;\n--wpforms-field-size-padding-h: 14px;\n--wpforms-field-size-checkbox-size: 16px;\n--wpforms-field-size-sublabel-spacing: 5px;\n--wpforms-field-size-icon-size: 1;\n--wpforms-label-size-font-size: 16px;\n--wpforms-label-size-line-height: 19px;\n--wpforms-label-size-sublabel-font-size: 14px;\n--wpforms-label-size-sublabel-line-height: 17px;\n--wpforms-button-size-font-size: 17px;\n--wpforms-button-size-height: 41px;\n--wpforms-button-size-padding-h: 15px;\n--wpforms-button-size-margin-top: 10px;\n\n\t\t\t}\n\t\t\t<\/style><div class=\"wpforms-container wpforms-container-full wpforms-block wpforms-block-c491235b-2b8d-4096-8353-301f995a2e7b wpforms-render-modern\" id=\"wpforms-44\"><form id=\"wpforms-form-44\" class=\"wpforms-validate wpforms-form wpforms-ajax-form\" data-formid=\"44\" method=\"post\" enctype=\"multipart\/form-data\" action=\"\/uk\/wp-json\/wp\/v2\/pages\/37\" data-token=\"32220258000ee6ef34ada6cd2a1dea58\" data-token-time=\"1776686941\" data-trp-original-action=\"\/uk\/wp-json\/wp\/v2\/pages\/37\"><noscript class=\"wpforms-error-noscript\">\u0414\u043b\u044f \u0437\u0430\u043f\u043e\u0432\u043d\u0435\u043d\u043d\u044f \u0446\u0456\u0454\u0457 \u0444\u043e\u0440\u043c\u0438 \u0443\u0432\u0456\u043c\u043a\u043d\u0456\u0442\u044c JavaScript \u0443 \u0431\u0440\u0430\u0443\u0437\u0435\u0440\u0456.<\/noscript><div id=\"wpforms-error-noscript\" style=\"display: none;\">\u0414\u043b\u044f \u0437\u0430\u043f\u043e\u0432\u043d\u0435\u043d\u043d\u044f \u0446\u0456\u0454\u0457 \u0444\u043e\u0440\u043c\u0438 \u0443\u0432\u0456\u043c\u043a\u043d\u0456\u0442\u044c JavaScript \u0443 \u0431\u0440\u0430\u0443\u0437\u0435\u0440\u0456.<\/div><div class=\"wpforms-field-container\"><div id=\"wpforms-44-field_1-container\" class=\"wpforms-field wpforms-field-name\" data-field-id=\"1\"><fieldset><legend class=\"wpforms-field-label\">\u0406\u043c'\u044f <span class=\"wpforms-required-label\" aria-hidden=\"true\">*<\/span><\/legend><div class=\"wpforms-field-row wpforms-field-large\"><div class=\"wpforms-field-row-block wpforms-first wpforms-one-half\"><input type=\"text\" id=\"wpforms-44-field_1\" class=\"wpforms-field-name-first wpforms-field-required\" name=\"wpforms[fields][1][first]\" aria-errormessage=\"wpforms-44-field_1-error\" required><label for=\"wpforms-44-field_1\" class=\"wpforms-field-sublabel after\">\u0406\u043c&#039;\u044f<\/label><\/div><div class=\"wpforms-field-row-block wpforms-one-half\"><input type=\"text\" id=\"wpforms-44-field_1-last\" class=\"wpforms-field-name-last wpforms-field-required\" name=\"wpforms[fields][1][last]\" aria-errormessage=\"wpforms-44-field_1-last-error\" required><label for=\"wpforms-44-field_1-last\" class=\"wpforms-field-sublabel after\">\u041f\u0440\u0456\u0437\u0432\u0438\u0449\u0435<\/label><\/div><\/div><\/fieldset><\/div><div id=\"wpforms-44-field_2-container\" class=\"wpforms-field wpforms-field-email\" data-field-id=\"2\"><label class=\"wpforms-field-label\" for=\"wpforms-44-field_2\">\u0410\u0434\u0440\u0435\u0441\u0430 \u0435\u043b\u0435\u043a\u0442\u0440\u043e\u043d\u043d\u043e\u0457 \u043f\u043e\u0448\u0442\u0438 <span class=\"wpforms-required-label\" aria-hidden=\"true\">*<\/span><\/label><input type=\"email\" id=\"wpforms-44-field_2\" class=\"wpforms-field-large wpforms-field-required\" name=\"wpforms[fields][2]\" spellcheck=\"false\" aria-errormessage=\"wpforms-44-field_2-error\" required><\/div>\t\t<div id=\"wpforms-44-field_4-container\"\n\t\t\tclass=\"wpforms-field wpforms-field-text\"\n\t\t\tdata-field-type=\"text\"\n\t\t\tdata-field-id=\"4\"\n\t\t\t>\n\t\t\t<label class=\"wpforms-field-label\" for=\"wpforms-44-field_4\" >nazwisko Imi\u0119 i<\/label>\n\t\t\t<input type=\"text\" id=\"wpforms-44-field_4\" class=\"wpforms-field-medium\" name=\"wpforms[fields][4]\" >\n\t\t<\/div>\n\t\t<div id=\"wpforms-44-field_3-container\" class=\"wpforms-field wpforms-field-textarea\" data-field-id=\"3\"><label class=\"wpforms-field-label\" for=\"wpforms-44-field_3\">\u041a\u043e\u043c\u0435\u043d\u0442\u0430\u0440 \u0430\u0431\u043e \u043f\u043e\u0432\u0456\u0434\u043e\u043c\u043b\u0435\u043d\u043d\u044f<\/label><textarea id=\"wpforms-44-field_3\" class=\"wpforms-field-small\" name=\"wpforms[fields][3]\" aria-errormessage=\"wpforms-44-field_3-error\" ><\/textarea><\/div><script>\n\t\t\t\t( function() {\n\t\t\t\t\tconst style = document.createElement( 'style' );\n\t\t\t\t\tstyle.appendChild( document.createTextNode( '#wpforms-44-field_4-container { position: absolute !important; overflow: hidden !important; display: inline !important; height: 1px !important; width: 1px !important; z-index: -1000 !important; padding: 0 !important; } #wpforms-44-field_4-container input { visibility: hidden; } #wpforms-conversational-form-page #wpforms-44-field_4-container label { counter-increment: none; }' ) );\n\t\t\t\t\tdocument.head.appendChild( style );\n\t\t\t\t\tdocument.currentScript?.remove();\n\t\t\t\t} )();\n\t\t\t<\/script><\/div><!-- .wpforms-field-container --><div class=\"wpforms-submit-container\" ><input type=\"hidden\" name=\"wpforms[id]\" value=\"44\"><input type=\"hidden\" name=\"page_title\" value=\"\"><input type=\"hidden\" name=\"page_url\" value=\"https:\/\/perfectserwis.com\/uk\/wp-json\/wp\/v2\/pages\/37\"><input type=\"hidden\" name=\"url_referer\" value=\"\"><button type=\"submit\" name=\"wpforms[submit]\" id=\"wpforms-submit-44\" class=\"wpforms-submit\" data-alt-text=\"Wysy\u0142anie...\" data-submit-text=\"Prze\u015blij\" aria-live=\"assertive\" value=\"wpforms-submit\">\u041d\u0430\u0434\u0456\u0441\u043b\u0430\u0442\u0438<\/button><img loading=\"lazy\" decoding=\"async\" src=\"https:\/\/perfectserwis.com\/wp-content\/plugins\/wpforms-lite\/assets\/images\/submit-spin.svg\" class=\"wpforms-submit-spinner\" style=\"display: none;\" width=\"26\" height=\"26\" alt=\"\u0417\u0430\u0432\u0430\u043d\u0442\u0430\u0436\u0435\u043d\u043d\u044f\"><\/div><input type=\"hidden\" name=\"trp-form-language\" value=\"uk\"\/><\/form><\/div>  <!-- .wpforms-container --><\/div>\n<\/div><\/div>\n\n\n\n<hr class=\"wp-block-separator has-alpha-channel-opacity is-style-wide\"\/>\n\n\n\n<div class=\"wp-block-comments\">\n\n\n\n\t<div id=\"respond\" class=\"comment-respond wp-block-post-comments-form\">\n\t\t<h3 id=\"reply-title\" class=\"comment-reply-title\">\u0417\u0430\u043b\u0438\u0448\u0438\u0442\u0438 \u0432\u0456\u0434\u043f\u043e\u0432\u0456\u0434\u044c <small><a rel=\"nofollow\" id=\"cancel-comment-reply-link\" href=\"\/uk\/wp-json\/wp\/v2\/pages\/37#respond\" style=\"display:none;\">\u0421\u043a\u0430\u0441\u0443\u0432\u0430\u0442\u0438 \u043a\u043e\u043c\u0435\u043d\u0442\u0430\u0440<\/a><\/small><\/h3><form action=\"https:\/\/perfectserwis.com\/wp-comments-post.php\" method=\"post\" id=\"commentform\" class=\"comment-form\" data-trp-original-action=\"https:\/\/perfectserwis.com\/wp-comments-post.php\"><p class=\"comment-notes\"><span id=\"email-notes\">\u0412\u0430\u0448\u0430 e-mail \u0430\u0434\u0440\u0435\u0441\u0430 \u043d\u0435 \u043e\u043f\u0440\u0438\u043b\u044e\u0434\u043d\u044e\u0432\u0430\u0442\u0438\u043c\u0435\u0442\u044c\u0441\u044f.<\/span> <span class=\"required-field-message\">\u041e\u0431\u043e\u0432\u2019\u044f\u0437\u043a\u043e\u0432\u0456 \u043f\u043e\u043b\u044f \u043f\u043e\u0437\u043d\u0430\u0447\u0435\u043d\u0456 <span class=\"required\">*<\/span><\/span><\/p><p class=\"comment-form-comment\"><label for=\"comment\">\u041a\u043e\u043c\u0435\u043d\u0442\u0430\u0440 <span class=\"required\">*<\/span><\/label> <textarea id=\"comment\" name=\"comment\" cols=\"45\" rows=\"8\" maxlength=\"65525\" required=\"required\"><\/textarea><\/p><div class=\"ast-comment-formwrap ast-row\">\n\t\t\t<p class=\"comment-form-author ast-grid-common-col ast-width-lg-33 ast-width-md-4 ast-float\">\n\t\t\t\t<label for=\"author\" class=\"screen-reader-text\">\u041d\u0430\u0437\u0432\u0430*<\/label>\n\t\t\t\t<input id=\"author\" name=\"author\" type=\"text\" \n\t\t\t\t\tvalue=\"\" \n\t\t\t\t\tplaceholder=\"\u041d\u0430\u0437\u0432\u0430*\" \n\t\t\t\t\tsize=\"30\" aria-required='true' autocomplete=\"name\" \/>\n\t\t\t<\/p>\n<p class=\"comment-form-email ast-grid-common-col ast-width-lg-33 ast-width-md-4 ast-float\">\n\t\t\t<label for=\"email\" class=\"screen-reader-text\">Email*<\/label>\n\t\t\t<input id=\"email\" name=\"email\" type=\"text\" \n\t\t\t\tvalue=\"\" \n\t\t\t\tplaceholder=\"Email*\" \n\t\t\t\tsize=\"30\" aria-required='true' autocomplete=\"email\" \/>\n\t\t<\/p>\n<p class=\"comment-form-url ast-grid-common-col ast-width-lg-33 ast-width-md-4 ast-float\">\n\t\t\t<label for=\"url\" class=\"screen-reader-text\">\u0421\u0430\u0439\u0442<\/label>\n\t\t\t<input id=\"url\" name=\"url\" type=\"text\" \n\t\t\t\tvalue=\"\" \n\t\t\t\tplaceholder=\"\u0421\u0430\u0439\u0442\" \n\t\t\t\tsize=\"30\" autocomplete=\"url\" \/>\n\t\t<\/p>\n\t\t<\/div>\n<p class=\"comment-form-cookies-consent\"><input id=\"wp-comment-cookies-consent\" name=\"wp-comment-cookies-consent\" type=\"checkbox\" value=\"yes\" \/> <label for=\"wp-comment-cookies-consent\">\u0417\u0431\u0435\u0440\u0435\u0433\u0442\u0438 \u043c\u043e\u0454 \u0456\u043c&#8217;\u044f, e-mail, \u0442\u0430 \u0430\u0434\u0440\u0435\u0441\u0443 \u0441\u0430\u0439\u0442\u0443 \u0432 \u0446\u044c\u043e\u043c\u0443 \u0431\u0440\u0430\u0443\u0437\u0435\u0440\u0456 \u0434\u043b\u044f \u043c\u043e\u0457\u0445 \u043f\u043e\u0434\u0430\u043b\u044c\u0448\u0438\u0445 \u043a\u043e\u043c\u0435\u043d\u0442\u0430\u0440\u0456\u0432.<\/label><\/p>\n<p class=\"form-submit\"><input name=\"submit\" type=\"submit\" id=\"submit\" class=\"submit\" value=\"\u041e\u043f\u0443\u0431\u043b\u0456\u043a\u0443\u0432\u0430\u0442\u0438 \u043a\u043e\u043c\u0435\u043d\u0442\u0430\u0440\" \/> <input type='hidden' name='comment_post_ID' value='37' id='comment_post_ID' \/>\n<input type='hidden' name='comment_parent' id='comment_parent' value='0' \/>\n<\/p><input type=\"hidden\" name=\"trp-form-language\" value=\"uk\"\/><\/form>\t<\/div><!-- #respond -->\n\t<\/div>","protected":false},"excerpt":{"rendered":"<p>kontakt contact@perfectserwis.com +48 575 905 780 Perfect Servisul. marsz. J\u00f3zefa pi\u0142sudskiego 74 lok. 32050-020 Wroc\u0142awNIP: 4970045910&nbsp; &nbsp;REGON: 080429057<\/p>","protected":false},"author":1,"featured_media":0,"parent":0,"menu_order":0,"comment_status":"open","ping_status":"closed","template":"","meta":{"_uag_custom_page_level_css":"","site-sidebar-layout":"default","site-content-layout":"","ast-site-content-layout":"default","site-content-style":"default","site-sidebar-style":"default","ast-global-header-display":"","ast-banner-title-visibility":"","ast-main-header-display":"","ast-hfb-above-header-display":"","ast-hfb-below-header-display":"","ast-hfb-mobile-header-display":"","site-post-title":"disabled","ast-breadcrumbs-content":"","ast-featured-img":"","footer-sml-layout":"","theme-transparent-header-meta":"","adv-header-id-meta":"","stick-header-meta":"","header-above-stick-meta":"","header-main-stick-meta":"","header-below-stick-meta":"","astra-migrate-meta-layouts":"default","ast-page-background-enabled":"default","ast-page-background-meta":{"desktop":{"background-color":"var(--ast-global-color-5)","background-image":"","background-repeat":"repeat","background-position":"center center","background-size":"auto","background-attachment":"scroll","background-type":"","background-media":"","overlay-type":"","overlay-color":"","overlay-opacity":"","overlay-gradient":""},"tablet":{"background-color":"","background-image":"","background-repeat":"repeat","background-position":"center center","background-size":"auto","background-attachment":"scroll","background-type":"","background-media":"","overlay-type":"","overlay-color":"","overlay-opacity":"","overlay-gradient":""},"mobile":{"background-color":"","background-image":"","background-repeat":"repeat","background-position":"center center","background-size":"auto","background-attachment":"scroll","background-type":"","background-media":"","overlay-type":"","overlay-color":"","overlay-opacity":"","overlay-gradient":""}},"ast-content-background-meta":{"desktop":{"background-color":"var(--ast-global-color-4)","background-image":"","background-repeat":"repeat","background-position":"center center","background-size":"auto","background-attachment":"scroll","background-type":"","background-media":"","overlay-type":"","overlay-color":"","overlay-opacity":"","overlay-gradient":""},"tablet":{"background-color":"var(--ast-global-color-4)","background-image":"","background-repeat":"repeat","background-position":"center center","background-size":"auto","background-attachment":"scroll","background-type":"","background-media":"","overlay-type":"","overlay-color":"","overlay-opacity":"","overlay-gradient":""},"mobile":{"background-color":"var(--ast-global-color-4)","background-image":"","background-repeat":"repeat","background-position":"center center","background-size":"auto","background-attachment":"scroll","background-type":"","background-media":"","overlay-type":"","overlay-color":"","overlay-opacity":"","overlay-gradient":""}},"footnotes":""},"class_list":["post-37","page","type-page","status-publish","hentry"],"yoast_head":"<!-- This site is optimized with the Yoast SEO plugin v25.9 - https:\/\/yoast.com\/wordpress\/plugins\/seo\/ -->\n<title>kontakt - perfectserwis.com<\/title>\n<meta name=\"robots\" content=\"index, follow, max-snippet:-1, max-image-preview:large, max-video-preview:-1\" \/>\n<link rel=\"canonical\" href=\"https:\/\/perfectserwis.com\/uk\/kontakt\/\" \/>\n<meta property=\"og:locale\" content=\"uk_UA\" \/>\n<meta property=\"og:type\" content=\"article\" \/>\n<meta property=\"og:title\" content=\"kontakt - perfectserwis.com\" \/>\n<meta property=\"og:description\" content=\"kontakt contact@perfectserwis.com +48 575 905 780 Perfect Servisul. marsz. J\u00f3zefa pi\u0142sudskiego 74 lok. 32050-020 Wroc\u0142awNIP: 4970045910&nbsp; &nbsp;REGON: 080429057\" \/>\n<meta property=\"og:url\" content=\"https:\/\/perfectserwis.com\/uk\/kontakt\/\" \/>\n<meta property=\"og:site_name\" content=\"perfectserwis.com\" \/>\n<meta property=\"article:modified_time\" content=\"2025-09-18T16:49:07+00:00\" \/>\n<meta name=\"twitter:card\" content=\"summary_large_image\" \/>\n<script type=\"application\/ld+json\" class=\"yoast-schema-graph\">{\"@context\":\"https:\/\/schema.org\",\"@graph\":[{\"@type\":\"WebPage\",\"@id\":\"https:\/\/perfectserwis.com\/kontakt\/\",\"url\":\"https:\/\/perfectserwis.com\/kontakt\/\",\"name\":\"kontakt - perfectserwis.com\",\"isPartOf\":{\"@id\":\"https:\/\/perfectserwis.com\/pl\/#website\"},\"datePublished\":\"2025-09-16T08:49:02+00:00\",\"dateModified\":\"2025-09-18T16:49:07+00:00\",\"breadcrumb\":{\"@id\":\"https:\/\/perfectserwis.com\/kontakt\/#breadcrumb\"},\"inLanguage\":\"uk\",\"potentialAction\":[{\"@type\":\"ReadAction\",\"target\":[\"https:\/\/perfectserwis.com\/kontakt\/\"]}]},{\"@type\":\"BreadcrumbList\",\"@id\":\"https:\/\/perfectserwis.com\/kontakt\/#breadcrumb\",\"itemListElement\":[{\"@type\":\"ListItem\",\"position\":1,\"name\":\"Strona g\u0142\u00f3wna\",\"item\":\"https:\/\/perfectserwis.com\/\"},{\"@type\":\"ListItem\",\"position\":2,\"name\":\"kontakt\"}]},{\"@type\":\"WebSite\",\"@id\":\"https:\/\/perfectserwis.com\/pl\/#website\",\"url\":\"https:\/\/perfectserwis.com\/pl\/\",\"name\":\"perfectserwis.com\",\"description\":\"\",\"publisher\":{\"@id\":\"https:\/\/perfectserwis.com\/pl\/#organization\"},\"potentialAction\":[{\"@type\":\"SearchAction\",\"target\":{\"@type\":\"EntryPoint\",\"urlTemplate\":\"https:\/\/perfectserwis.com\/pl\/?s={search_term_string}\"},\"query-input\":{\"@type\":\"PropertyValueSpecification\",\"valueRequired\":true,\"valueName\":\"search_term_string\"}}],\"inLanguage\":\"uk\"},{\"@type\":\"Organization\",\"@id\":\"https:\/\/perfectserwis.com\/pl\/#organization\",\"name\":\"PERFECT SERVIS\",\"url\":\"https:\/\/perfectserwis.com\/pl\/\",\"logo\":{\"@type\":\"ImageObject\",\"inLanguage\":\"uk\",\"@id\":\"https:\/\/perfectserwis.com\/pl\/#\/schema\/logo\/image\/\",\"url\":\"https:\/\/perfectserwis.com\/wp-content\/uploads\/2025\/09\/cropped-LOGO-PERFECTSERWIS.COM_-1.png\",\"contentUrl\":\"https:\/\/perfectserwis.com\/wp-content\/uploads\/2025\/09\/cropped-LOGO-PERFECTSERWIS.COM_-1.png\",\"width\":500,\"height\":354,\"caption\":\"PERFECT SERVIS\"},\"image\":{\"@id\":\"https:\/\/perfectserwis.com\/pl\/#\/schema\/logo\/image\/\"}}]}<\/script>\n<!-- \/ Yoast SEO plugin. -->","yoast_head_json":{"title":"kontakt - perfectserwis.com","robots":{"index":"index","follow":"follow","max-snippet":"max-snippet:-1","max-image-preview":"max-image-preview:large","max-video-preview":"max-video-preview:-1"},"canonical":"https:\/\/perfectserwis.com\/uk\/kontakt\/","og_locale":"uk_UA","og_type":"article","og_title":"kontakt - perfectserwis.com","og_description":"kontakt contact@perfectserwis.com +48 575 905 780 Perfect Servisul. marsz. J\u00f3zefa pi\u0142sudskiego 74 lok. 32050-020 Wroc\u0142awNIP: 4970045910&nbsp; &nbsp;REGON: 080429057","og_url":"https:\/\/perfectserwis.com\/uk\/kontakt\/","og_site_name":"perfectserwis.com","article_modified_time":"2025-09-18T16:49:07+00:00","twitter_card":"summary_large_image","schema":{"@context":"https:\/\/schema.org","@graph":[{"@type":"WebPage","@id":"https:\/\/perfectserwis.com\/kontakt\/","url":"https:\/\/perfectserwis.com\/kontakt\/","name":"kontakt - perfectserwis.com","isPartOf":{"@id":"https:\/\/perfectserwis.com\/pl\/#website"},"datePublished":"2025-09-16T08:49:02+00:00","dateModified":"2025-09-18T16:49:07+00:00","breadcrumb":{"@id":"https:\/\/perfectserwis.com\/kontakt\/#breadcrumb"},"inLanguage":"uk","potentialAction":[{"@type":"ReadAction","target":["https:\/\/perfectserwis.com\/kontakt\/"]}]},{"@type":"BreadcrumbList","@id":"https:\/\/perfectserwis.com\/kontakt\/#breadcrumb","itemListElement":[{"@type":"ListItem","position":1,"name":"Strona g\u0142\u00f3wna","item":"https:\/\/perfectserwis.com\/"},{"@type":"ListItem","position":2,"name":"kontakt"}]},{"@type":"WebSite","@id":"https:\/\/perfectserwis.com\/pl\/#website","url":"https:\/\/perfectserwis.com\/pl\/","name":"perfectserwis.com","description":"","publisher":{"@id":"https:\/\/perfectserwis.com\/pl\/#organization"},"potentialAction":[{"@type":"SearchAction","target":{"@type":"EntryPoint","urlTemplate":"https:\/\/perfectserwis.com\/pl\/?s={search_term_string}"},"query-input":{"@type":"PropertyValueSpecification","valueRequired":true,"valueName":"search_term_string"}}],"inLanguage":"uk"},{"@type":"Organization","@id":"https:\/\/perfectserwis.com\/pl\/#organization","name":"PERFECT SERVIS","url":"https:\/\/perfectserwis.com\/pl\/","logo":{"@type":"ImageObject","inLanguage":"uk","@id":"https:\/\/perfectserwis.com\/pl\/#\/schema\/logo\/image\/","url":"https:\/\/perfectserwis.com\/wp-content\/uploads\/2025\/09\/cropped-LOGO-PERFECTSERWIS.COM_-1.png","contentUrl":"https:\/\/perfectserwis.com\/wp-content\/uploads\/2025\/09\/cropped-LOGO-PERFECTSERWIS.COM_-1.png","width":500,"height":354,"caption":"PERFECT SERVIS"},"image":{"@id":"https:\/\/perfectserwis.com\/pl\/#\/schema\/logo\/image\/"}}]}},"uagb_featured_image_src":{"full":false,"thumbnail":false,"medium":false,"medium_large":false,"large":false,"1536x1536":false,"2048x2048":false,"trp-custom-language-flag":false},"uagb_author_info":{"display_name":"oskar@milkowski.pro","author_link":"https:\/\/perfectserwis.com\/uk\/author\/oskarmilkowski-pro\/"},"uagb_comment_info":1,"uagb_excerpt":"kontakt contact@perfectserwis.com +48 575 905 780 Perfect Servisul. marsz. J\u00f3zefa pi\u0142sudskiego 74 lok. 32050-020 Wroc\u0142awNIP: 4970045910&nbsp; &nbsp;REGON: 080429057","_links":{"self":[{"href":"https:\/\/perfectserwis.com\/uk\/wp-json\/wp\/v2\/pages\/37","targetHints":{"allow":["GET"]}}],"collection":[{"href":"https:\/\/perfectserwis.com\/uk\/wp-json\/wp\/v2\/pages"}],"about":[{"href":"https:\/\/perfectserwis.com\/uk\/wp-json\/wp\/v2\/types\/page"}],"author":[{"embeddable":true,"href":"https:\/\/perfectserwis.com\/uk\/wp-json\/wp\/v2\/users\/1"}],"replies":[{"embeddable":true,"href":"https:\/\/perfectserwis.com\/uk\/wp-json\/wp\/v2\/comments?post=37"}],"version-history":[{"count":10,"href":"https:\/\/perfectserwis.com\/uk\/wp-json\/wp\/v2\/pages\/37\/revisions"}],"predecessor-version":[{"id":135,"href":"https:\/\/perfectserwis.com\/uk\/wp-json\/wp\/v2\/pages\/37\/revisions\/135"}],"wp:attachment":[{"href":"https:\/\/perfectserwis.com\/uk\/wp-json\/wp\/v2\/media?parent=37"}],"curies":[{"name":"wp","href":"https:\/\/api.w.org\/{rel}","templated":true}]}}