{"id":164,"date":"2026-02-03T15:37:02","date_gmt":"2026-02-03T14:37:02","guid":{"rendered":"https:\/\/perfectserwis.com\/?page_id=164"},"modified":"2026-02-03T15:37:54","modified_gmt":"2026-02-03T14:37:54","slug":"j-pracownikiem","status":"publish","type":"page","link":"http:\/\/perfectserwis.com\/uk\/j-pracownikiem\/","title":{"rendered":"j-pracownikiem"},"content":{"rendered":"<p><strong>\u041c\u0438 \u0434\u0438\u043d\u0430\u043c\u0456\u0447\u043d\u043e \u0440\u043e\u0437\u0432\u0438\u0432\u0430\u044e\u0447\u0430 \u043a\u043e\u043c\u043f\u0430\u043d\u0456\u044f \u0437 \u043f\u043e\u043d\u0430\u0434 10-\u0440\u0456\u0447\u043d\u0438\u043c \u0434\u043e\u0441\u0432\u0456\u0434\u043e\u043c \u043d\u0430 \u043f\u043e\u043b\u044c\u0441\u044c\u043a\u043e\u043c\u0443 \u0440\u0438\u043d\u043a\u0443. \u0417 \u0441\u0430\u043c\u043e\u0433\u043e \u043f\u043e\u0447\u0430\u0442\u043a\u0443 \u043d\u0430\u0448\u043e\u0457 \u0434\u0456\u044f\u043b\u044c\u043d\u043e\u0441\u0442\u0456 \u043c\u0438 \u0441\u0442\u0430\u0432\u0438\u043c\u043e \u043d\u0430 \u043d\u0430\u0434\u0456\u0439\u043d\u0456\u0441\u0442\u044c, \u0448\u0432\u0438\u0434\u043a\u0456\u0441\u0442\u044c \u0434\u0456\u0439 \u0442\u0430 \u043f\u0435\u0440\u0435\u0432\u0456\u0440\u0435\u043d\u0456 \u043a\u0430\u0434\u0440\u0438.<\/strong><br><strong>\u041c\u0438 \u0441\u043f\u0456\u0432\u043f\u0440\u0430\u0446\u044e\u0454\u043c\u043e \u0437 \u043a\u0432\u0430\u043b\u0456\u0444\u0456\u043a\u043e\u0432\u0430\u043d\u0438\u043c\u0438 \u043f\u0440\u0430\u0446\u0456\u0432\u043d\u0438\u043a\u0430\u043c\u0438, \u0433\u043e\u0442\u043e\u0432\u0438\u043c\u0438 \u043f\u0440\u0430\u0446\u0435\u0432\u043b\u0430\u0448\u0442\u0443\u0432\u0430\u0442\u0438\u0441\u044f \u0443 \u0431\u0430\u0433\u0430\u0442\u044c\u043e\u0445 \u0433\u0430\u043b\u0443\u0437\u044f\u0445, \u0437\u043e\u043a\u0440\u0435\u043c\u0430:<\/strong><\/p>\n\n\n\n<ul class=\"wp-block-list\">\n<li><strong>\u0431\u0443\u0434\u0456\u0432\u043d\u0438\u0446\u0442\u0432\u043e<\/strong><\/li>\n\n\n\n<li><strong>\u043e\u0437\u0434\u043e\u0431\u043b\u044e\u0432\u0430\u043b\u044c\u043d\u0456 \u0440\u043e\u0431\u043e\u0442\u0438<\/strong><\/li>\n\n\n\n<li><strong>\u0442\u043e\u0440\u0433\u0456\u0432\u043b\u044f \u0442\u0430 \u0440\u043e\u0431\u043e\u0442\u0430 \u0432 \u043c\u0430\u0440\u043a\u0435\u0442\u0430\u0445<\/strong><\/li>\n\n\n\n<li><strong>\u0433\u043e\u0441\u0442\u0438\u043d\u0438\u0447\u043d\u0430 \u0441\u043f\u0440\u0430\u0432\u0430<\/strong><\/li>\n\n\n\n<li><strong>\u043f\u0440\u043e\u043c\u0438\u0441\u043b\u043e\u0432\u0435 \u0432\u0438\u0440\u043e\u0431\u043d\u0438\u0446\u0442\u0432\u043e<\/strong><\/li>\n\n\n\n<li><strong>\u0441\u0456\u043b\u044c\u0441\u044c\u043a\u0435 \u0433\u043e\u0441\u043f\u043e\u0434\u0430\u0440\u0441\u0442\u0432\u043e \u0442\u0430 \u0441\u0430\u0434\u0456\u0432\u043d\u0438\u0446\u0442\u0432\u043e<\/strong><\/li>\n\n\n\n<li><strong>\u0434\u043e\u043f\u043e\u043c\u043e\u0433\u0430<\/strong><\/li>\n<\/ul>\n\n\n\n<p><strong>\u041d\u0430\u0448\u0456 \u0444\u0430\u0445\u0456\u0432\u0446\u0456 \u043f\u043e\u0445\u043e\u0434\u044f\u0442\u044c \u0437 \u041f\u043e\u043b\u044c\u0449\u0456 \u0442\u0430 \u0437-\u0437\u0430 \u043a\u043e\u0440\u0434\u043e\u043d\u0443, \u0437\u043e\u043a\u0440\u0435\u043c\u0430 \u0437 \u0420\u0443\u043c\u0443\u043d\u0456\u0457, \u0423\u043a\u0440\u0430\u0457\u043d\u0438 \u0442\u0430 \u0456\u043d\u0448\u0438\u0445 \u043a\u0440\u0430\u0457\u043d \u2014 \u0449\u043e \u0434\u043e\u0437\u0432\u043e\u043b\u044f\u0454 \u043d\u0430\u043c \u0448\u0432\u0438\u0434\u043a\u043e \u043f\u0456\u0434\u0431\u0438\u0440\u0430\u0442\u0438 \u0432\u0456\u0434\u043f\u043e\u0432\u0456\u0434\u043d\u0438\u0445 \u043b\u044e\u0434\u0435\u0439 \u0434\u043e \u0432\u0430\u0448\u0438\u0445 \u043f\u043e\u0442\u0440\u0435\u0431.<\/strong><br><strong>\u0428\u0443\u043a\u0430\u0454\u0442\u0435 \u043d\u0430\u0434\u0456\u0439\u043d\u0438\u0445 \u0442\u0430 \u0434\u043e\u0441\u0432\u0456\u0434\u0447\u0435\u043d\u0438\u0445 \u043f\u0440\u0430\u0446\u0456\u0432\u043d\u0438\u043a\u0456\u0432?<br>\u0417\u0432\u0435\u0440\u043d\u0456\u0442\u044c\u0441\u044f \u0434\u043e \u043d\u0430\u0441 \u2014 \u043c\u0438 \u0437\u0430\u0431\u0435\u0437\u043f\u0435\u0447\u0438\u043c\u043e \u0432\u0430\u043c \u043a\u043e\u043c\u0430\u043d\u0434\u0443, \u0433\u043e\u0442\u043e\u0432\u0443 \u0434\u043e \u0440\u043e\u0431\u043e\u0442\u0438 \u0437\u0440\u0430\u0437\u0443, \u044f\u043a \u0443 \u0432\u0456\u0434\u0440\u044f\u0434\u043d\u043e\u043c\u0443 \u0440\u0435\u0436\u0438\u043c\u0456, \u0442\u0430\u043a \u0456 \u0432 \u0434\u043e\u0432\u0433\u043e\u0441\u0442\u0440\u043e\u043a\u043e\u0432\u043e\u043c\u0443.<\/strong><\/p>","protected":false},"excerpt":{"rendered":"<p>Jeste\u015bmy dynamicznie rozwijaj\u0105c\u0105 si\u0119 firm\u0105 z\u202fponad 10\u2011letnim do\u015bwiadczeniem na polskim rynku. Od pocz\u0105tku naszej dzia\u0142alno\u015bci stawiamy na rzetelno\u015b\u0107, szybko\u015b\u0107 dzia\u0142ania [&hellip;]<\/p>","protected":false},"author":1,"featured_media":0,"parent":0,"menu_order":0,"comment_status":"closed","ping_status":"closed","template":"","meta":{"_uag_custom_page_level_css":"","site-sidebar-layout":"default","site-content-layout":"","ast-site-content-layout":"default","site-content-style":"default","site-sidebar-style":"default","ast-global-header-display":"","ast-banner-title-visibility":"","ast-main-header-display":"","ast-hfb-above-header-display":"","ast-hfb-below-header-display":"","ast-hfb-mobile-header-display":"","site-post-title":"disabled","ast-breadcrumbs-content":"","ast-featured-img":"","footer-sml-layout":"","theme-transparent-header-meta":"","adv-header-id-meta":"","stick-header-meta":"","header-above-stick-meta":"","header-main-stick-meta":"","header-below-stick-meta":"","astra-migrate-meta-layouts":"default","ast-page-background-enabled":"default","ast-page-background-meta":{"desktop":{"background-color":"var(--ast-global-color-5)","background-image":"","background-repeat":"repeat","background-position":"center center","background-size":"auto","background-attachment":"scroll","background-type":"","background-media":"","overlay-type":"","overlay-color":"","overlay-opacity":"","overlay-gradient":""},"tablet":{"background-color":"","background-image":"","background-repeat":"repeat","background-position":"center center","background-size":"auto","background-attachment":"scroll","background-type":"","background-media":"","overlay-type":"","overlay-color":"","overlay-opacity":"","overlay-gradient":""},"mobile":{"background-color":"","background-image":"","background-repeat":"repeat","background-position":"center center","background-size":"auto","background-attachment":"scroll","background-type":"","background-media":"","overlay-type":"","overlay-color":"","overlay-opacity":"","overlay-gradient":""}},"ast-content-background-meta":{"desktop":{"background-color":"var(--ast-global-color-4)","background-image":"","background-repeat":"repeat","background-position":"center center","background-size":"auto","background-attachment":"scroll","background-type":"","background-media":"","overlay-type":"","overlay-color":"","overlay-opacity":"","overlay-gradient":""},"tablet":{"background-color":"var(--ast-global-color-4)","background-image":"","background-repeat":"repeat","background-position":"center center","background-size":"auto","background-attachment":"scroll","background-type":"","background-media":"","overlay-type":"","overlay-color":"","overlay-opacity":"","overlay-gradient":""},"mobile":{"background-color":"var(--ast-global-color-4)","background-image":"","background-repeat":"repeat","background-position":"center center","background-size":"auto","background-attachment":"scroll","background-type":"","background-media":"","overlay-type":"","overlay-color":"","overlay-opacity":"","overlay-gradient":""}},"footnotes":""},"class_list":["post-164","page","type-page","status-publish","hentry"],"yoast_head":"<!-- This site is optimized with the Yoast SEO plugin v25.9 - https:\/\/yoast.com\/wordpress\/plugins\/seo\/ -->\n<title>j-pracownikiem - perfectserwis.com<\/title>\n<meta name=\"robots\" content=\"index, follow, max-snippet:-1, max-image-preview:large, max-video-preview:-1\" \/>\n<link rel=\"canonical\" href=\"https:\/\/perfectserwis.com\/uk\/j-pracownikiem\/\" \/>\n<meta property=\"og:locale\" content=\"uk_UA\" \/>\n<meta property=\"og:type\" content=\"article\" \/>\n<meta property=\"og:title\" content=\"j-pracownikiem - perfectserwis.com\" \/>\n<meta property=\"og:description\" content=\"Jeste\u015bmy dynamicznie rozwijaj\u0105c\u0105 si\u0119 firm\u0105 z\u202fponad 10\u2011letnim do\u015bwiadczeniem na polskim rynku. Od pocz\u0105tku naszej dzia\u0142alno\u015bci stawiamy na rzetelno\u015b\u0107, szybko\u015b\u0107 dzia\u0142ania [&hellip;]\" \/>\n<meta property=\"og:url\" content=\"https:\/\/perfectserwis.com\/uk\/j-pracownikiem\/\" \/>\n<meta property=\"og:site_name\" content=\"perfectserwis.com\" \/>\n<meta property=\"article:modified_time\" content=\"2026-02-03T14:37:54+00:00\" \/>\n<meta name=\"twitter:card\" content=\"summary_large_image\" \/>\n<meta name=\"twitter:label1\" content=\"\u041f\u0440\u0438\u0431\u043b. \u0447\u0430\u0441 \u0447\u0438\u0442\u0430\u043d\u043d\u044f\" \/>\n\t<meta name=\"twitter:data1\" content=\"1 \u0445\u0432\u0438\u043b\u0438\u043d\u0430\" \/>\n<script type=\"application\/ld+json\" class=\"yoast-schema-graph\">{\"@context\":\"https:\/\/schema.org\",\"@graph\":[{\"@type\":\"WebPage\",\"@id\":\"https:\/\/perfectserwis.com\/j-pracownikiem\/\",\"url\":\"https:\/\/perfectserwis.com\/j-pracownikiem\/\",\"name\":\"j-pracownikiem - perfectserwis.com\",\"isPartOf\":{\"@id\":\"https:\/\/perfectserwis.com\/pl\/#website\"},\"datePublished\":\"2026-02-03T14:37:02+00:00\",\"dateModified\":\"2026-02-03T14:37:54+00:00\",\"breadcrumb\":{\"@id\":\"https:\/\/perfectserwis.com\/j-pracownikiem\/#breadcrumb\"},\"inLanguage\":\"uk\",\"potentialAction\":[{\"@type\":\"ReadAction\",\"target\":[\"https:\/\/perfectserwis.com\/j-pracownikiem\/\"]}]},{\"@type\":\"BreadcrumbList\",\"@id\":\"https:\/\/perfectserwis.com\/j-pracownikiem\/#breadcrumb\",\"itemListElement\":[{\"@type\":\"ListItem\",\"position\":1,\"name\":\"Strona g\u0142\u00f3wna\",\"item\":\"https:\/\/perfectserwis.com\/\"},{\"@type\":\"ListItem\",\"position\":2,\"name\":\"j-pracownikiem\"}]},{\"@type\":\"WebSite\",\"@id\":\"https:\/\/perfectserwis.com\/pl\/#website\",\"url\":\"https:\/\/perfectserwis.com\/pl\/\",\"name\":\"perfectserwis.com\",\"description\":\"\",\"publisher\":{\"@id\":\"https:\/\/perfectserwis.com\/pl\/#organization\"},\"potentialAction\":[{\"@type\":\"SearchAction\",\"target\":{\"@type\":\"EntryPoint\",\"urlTemplate\":\"https:\/\/perfectserwis.com\/pl\/?s={search_term_string}\"},\"query-input\":{\"@type\":\"PropertyValueSpecification\",\"valueRequired\":true,\"valueName\":\"search_term_string\"}}],\"inLanguage\":\"uk\"},{\"@type\":\"Organization\",\"@id\":\"https:\/\/perfectserwis.com\/pl\/#organization\",\"name\":\"PERFECT SERVIS\",\"url\":\"https:\/\/perfectserwis.com\/pl\/\",\"logo\":{\"@type\":\"ImageObject\",\"inLanguage\":\"uk\",\"@id\":\"https:\/\/perfectserwis.com\/pl\/#\/schema\/logo\/image\/\",\"url\":\"https:\/\/perfectserwis.com\/wp-content\/uploads\/2025\/09\/cropped-LOGO-PERFECTSERWIS.COM_-1.png\",\"contentUrl\":\"https:\/\/perfectserwis.com\/wp-content\/uploads\/2025\/09\/cropped-LOGO-PERFECTSERWIS.COM_-1.png\",\"width\":500,\"height\":354,\"caption\":\"PERFECT SERVIS\"},\"image\":{\"@id\":\"https:\/\/perfectserwis.com\/pl\/#\/schema\/logo\/image\/\"}}]}<\/script>\n<!-- \/ Yoast SEO plugin. -->","yoast_head_json":{"title":"j-pracownikiem - perfectserwis.com","robots":{"index":"index","follow":"follow","max-snippet":"max-snippet:-1","max-image-preview":"max-image-preview:large","max-video-preview":"max-video-preview:-1"},"canonical":"https:\/\/perfectserwis.com\/uk\/j-pracownikiem\/","og_locale":"uk_UA","og_type":"article","og_title":"j-pracownikiem - perfectserwis.com","og_description":"Jeste\u015bmy dynamicznie rozwijaj\u0105c\u0105 si\u0119 firm\u0105 z\u202fponad 10\u2011letnim do\u015bwiadczeniem na polskim rynku. Od pocz\u0105tku naszej dzia\u0142alno\u015bci stawiamy na rzetelno\u015b\u0107, szybko\u015b\u0107 dzia\u0142ania [&hellip;]","og_url":"https:\/\/perfectserwis.com\/uk\/j-pracownikiem\/","og_site_name":"perfectserwis.com","article_modified_time":"2026-02-03T14:37:54+00:00","twitter_card":"summary_large_image","twitter_misc":{"\u041f\u0440\u0438\u0431\u043b. \u0447\u0430\u0441 \u0447\u0438\u0442\u0430\u043d\u043d\u044f":"1 \u0445\u0432\u0438\u043b\u0438\u043d\u0430"},"schema":{"@context":"https:\/\/schema.org","@graph":[{"@type":"WebPage","@id":"https:\/\/perfectserwis.com\/j-pracownikiem\/","url":"https:\/\/perfectserwis.com\/j-pracownikiem\/","name":"j-pracownikiem - perfectserwis.com","isPartOf":{"@id":"https:\/\/perfectserwis.com\/pl\/#website"},"datePublished":"2026-02-03T14:37:02+00:00","dateModified":"2026-02-03T14:37:54+00:00","breadcrumb":{"@id":"https:\/\/perfectserwis.com\/j-pracownikiem\/#breadcrumb"},"inLanguage":"uk","potentialAction":[{"@type":"ReadAction","target":["https:\/\/perfectserwis.com\/j-pracownikiem\/"]}]},{"@type":"BreadcrumbList","@id":"https:\/\/perfectserwis.com\/j-pracownikiem\/#breadcrumb","itemListElement":[{"@type":"ListItem","position":1,"name":"Strona g\u0142\u00f3wna","item":"https:\/\/perfectserwis.com\/"},{"@type":"ListItem","position":2,"name":"j-pracownikiem"}]},{"@type":"WebSite","@id":"https:\/\/perfectserwis.com\/pl\/#website","url":"https:\/\/perfectserwis.com\/pl\/","name":"perfectserwis.com","description":"","publisher":{"@id":"https:\/\/perfectserwis.com\/pl\/#organization"},"potentialAction":[{"@type":"SearchAction","target":{"@type":"EntryPoint","urlTemplate":"https:\/\/perfectserwis.com\/pl\/?s={search_term_string}"},"query-input":{"@type":"PropertyValueSpecification","valueRequired":true,"valueName":"search_term_string"}}],"inLanguage":"uk"},{"@type":"Organization","@id":"https:\/\/perfectserwis.com\/pl\/#organization","name":"PERFECT SERVIS","url":"https:\/\/perfectserwis.com\/pl\/","logo":{"@type":"ImageObject","inLanguage":"uk","@id":"https:\/\/perfectserwis.com\/pl\/#\/schema\/logo\/image\/","url":"https:\/\/perfectserwis.com\/wp-content\/uploads\/2025\/09\/cropped-LOGO-PERFECTSERWIS.COM_-1.png","contentUrl":"https:\/\/perfectserwis.com\/wp-content\/uploads\/2025\/09\/cropped-LOGO-PERFECTSERWIS.COM_-1.png","width":500,"height":354,"caption":"PERFECT SERVIS"},"image":{"@id":"https:\/\/perfectserwis.com\/pl\/#\/schema\/logo\/image\/"}}]}},"uagb_featured_image_src":{"full":false,"thumbnail":false,"medium":false,"medium_large":false,"large":false,"1536x1536":false,"2048x2048":false,"trp-custom-language-flag":false},"uagb_author_info":{"display_name":"oskar@milkowski.pro","author_link":"http:\/\/perfectserwis.com\/uk\/author\/oskarmilkowski-pro\/"},"uagb_comment_info":0,"uagb_excerpt":"Jeste\u015bmy dynamicznie rozwijaj\u0105c\u0105 si\u0119 firm\u0105 z\u202fponad 10\u2011letnim do\u015bwiadczeniem na polskim rynku. Od pocz\u0105tku naszej dzia\u0142alno\u015bci stawiamy na rzetelno\u015b\u0107, szybko\u015b\u0107 dzia\u0142ania [&hellip;]","_links":{"self":[{"href":"http:\/\/perfectserwis.com\/uk\/wp-json\/wp\/v2\/pages\/164","targetHints":{"allow":["GET"]}}],"collection":[{"href":"http:\/\/perfectserwis.com\/uk\/wp-json\/wp\/v2\/pages"}],"about":[{"href":"http:\/\/perfectserwis.com\/uk\/wp-json\/wp\/v2\/types\/page"}],"author":[{"embeddable":true,"href":"http:\/\/perfectserwis.com\/uk\/wp-json\/wp\/v2\/users\/1"}],"replies":[{"embeddable":true,"href":"http:\/\/perfectserwis.com\/uk\/wp-json\/wp\/v2\/comments?post=164"}],"version-history":[{"count":2,"href":"http:\/\/perfectserwis.com\/uk\/wp-json\/wp\/v2\/pages\/164\/revisions"}],"predecessor-version":[{"id":167,"href":"http:\/\/perfectserwis.com\/uk\/wp-json\/wp\/v2\/pages\/164\/revisions\/167"}],"wp:attachment":[{"href":"http:\/\/perfectserwis.com\/uk\/wp-json\/wp\/v2\/media?parent=164"}],"curies":[{"name":"wp","href":"https:\/\/api.w.org\/{rel}","templated":true}]}}