{"id":161,"date":"2026-02-03T14:56:06","date_gmt":"2026-02-03T13:56:06","guid":{"rendered":"https:\/\/perfectserwis.com\/?page_id=161"},"modified":"2026-02-03T14:56:07","modified_gmt":"2026-02-03T13:56:07","slug":"wybor","status":"publish","type":"page","link":"http:\/\/perfectserwis.com\/uk\/","title":{"rendered":"Wyb\u00f3r"},"content":{"rendered":"<div class=\"wp-block-uagb-container uagb-block-abada5aa alignfull uagb-is-root-container\"><div class=\"uagb-container-inner-blocks-wrap\">\n<div class=\"wp-block-uagb-advanced-heading uagb-block-76986ebc\"><h2 class=\"uagb-heading-text\">Strona g\u0142owna<\/h2><p class=\"uagb-desc-text\">okre\u015blczy jeste\u015b pracownikiem czy pracodawc\u0105<\/p><\/div>\n\n\n\n<div class=\"wp-block-uagb-buttons uagb-buttons__outer-wrap uagb-btn__default-btn uagb-btn-tablet__default-btn uagb-btn-mobile__default-btn uagb-block-e5a1561c\"><div class=\"uagb-buttons__wrap uagb-buttons-layout-wrap\">\n<div class=\"wp-block-uagb-buttons-child uagb-buttons__outer-wrap uagb-block-601c9d34 wp-block-button\"><div class=\"uagb-button__wrapper\"><a class=\"uagb-buttons-repeater wp-block-button__link\" aria-label=\"\" href=\"\/uk\/j-pracownikiem\/\" rel=\"follow noopener\" target=\"_self\" role=\"button\"><div class=\"uagb-button__link\">Jestem pracownikiem<\/div><\/a><\/div><\/div>\n\n\n\n<div class=\"wp-block-uagb-buttons-child uagb-buttons__outer-wrap uagb-block-a2786a9d wp-block-button\"><div class=\"uagb-button__wrapper\"><a class=\"uagb-buttons-repeater wp-block-button__link\" aria-label=\"\" href=\"\/uk\/j-pracodawca\/\" rel=\"follow noopener\" target=\"_self\" role=\"button\"><div class=\"uagb-button__link\">Jestem Pracodawc\u0105<\/div><\/a><\/div><\/div>\n<\/div><\/div>\n<\/div><\/div>\n\n\n\n<p><\/p>","protected":false},"excerpt":{"rendered":"<p>Strona g\u0142owna okre\u015blczy jeste\u015b pracownikiem czy pracodawc\u0105<\/p>","protected":false},"author":1,"featured_media":0,"parent":0,"menu_order":0,"comment_status":"closed","ping_status":"closed","template":"","meta":{"_uag_custom_page_level_css":"","site-sidebar-layout":"default","site-content-layout":"","ast-site-content-layout":"default","site-content-style":"default","site-sidebar-style":"default","ast-global-header-display":"","ast-banner-title-visibility":"","ast-main-header-display":"","ast-hfb-above-header-display":"","ast-hfb-below-header-display":"","ast-hfb-mobile-header-display":"","site-post-title":"disabled","ast-breadcrumbs-content":"","ast-featured-img":"","footer-sml-layout":"","theme-transparent-header-meta":"","adv-header-id-meta":"","stick-header-meta":"","header-above-stick-meta":"","header-main-stick-meta":"","header-below-stick-meta":"","astra-migrate-meta-layouts":"default","ast-page-background-enabled":"default","ast-page-background-meta":{"desktop":{"background-color":"var(--ast-global-color-5)","background-image":"","background-repeat":"repeat","background-position":"center center","background-size":"auto","background-attachment":"scroll","background-type":"","background-media":"","overlay-type":"","overlay-color":"","overlay-opacity":"","overlay-gradient":""},"tablet":{"background-color":"","background-image":"","background-repeat":"repeat","background-position":"center center","background-size":"auto","background-attachment":"scroll","background-type":"","background-media":"","overlay-type":"","overlay-color":"","overlay-opacity":"","overlay-gradient":""},"mobile":{"background-color":"","background-image":"","background-repeat":"repeat","background-position":"center center","background-size":"auto","background-attachment":"scroll","background-type":"","background-media":"","overlay-type":"","overlay-color":"","overlay-opacity":"","overlay-gradient":""}},"ast-content-background-meta":{"desktop":{"background-color":"var(--ast-global-color-4)","background-image":"","background-repeat":"repeat","background-position":"center center","background-size":"auto","background-attachment":"scroll","background-type":"","background-media":"","overlay-type":"","overlay-color":"","overlay-opacity":"","overlay-gradient":""},"tablet":{"background-color":"var(--ast-global-color-4)","background-image":"","background-repeat":"repeat","background-position":"center center","background-size":"auto","background-attachment":"scroll","background-type":"","background-media":"","overlay-type":"","overlay-color":"","overlay-opacity":"","overlay-gradient":""},"mobile":{"background-color":"var(--ast-global-color-4)","background-image":"","background-repeat":"repeat","background-position":"center center","background-size":"auto","background-attachment":"scroll","background-type":"","background-media":"","overlay-type":"","overlay-color":"","overlay-opacity":"","overlay-gradient":""}},"footnotes":""},"class_list":["post-161","page","type-page","status-publish","hentry"],"yoast_head":"<!-- This site is optimized with the Yoast SEO plugin v25.9 - https:\/\/yoast.com\/wordpress\/plugins\/seo\/ -->\n<title>Wyb\u00f3r - perfectserwis.com<\/title>\n<meta name=\"robots\" content=\"index, follow, max-snippet:-1, max-image-preview:large, max-video-preview:-1\" \/>\n<link rel=\"canonical\" href=\"https:\/\/perfectserwis.com\/uk\/\" \/>\n<meta property=\"og:locale\" content=\"uk_UA\" \/>\n<meta property=\"og:type\" content=\"article\" \/>\n<meta property=\"og:title\" content=\"Wyb\u00f3r - perfectserwis.com\" \/>\n<meta property=\"og:description\" content=\"Strona g\u0142owna okre\u015blczy jeste\u015b pracownikiem czy pracodawc\u0105\" \/>\n<meta property=\"og:url\" content=\"https:\/\/perfectserwis.com\/uk\/\" \/>\n<meta property=\"og:site_name\" content=\"perfectserwis.com\" \/>\n<meta property=\"article:modified_time\" content=\"2026-02-03T13:56:07+00:00\" \/>\n<meta name=\"twitter:card\" content=\"summary_large_image\" \/>\n<meta name=\"twitter:label1\" content=\"\u041f\u0440\u0438\u0431\u043b. \u0447\u0430\u0441 \u0447\u0438\u0442\u0430\u043d\u043d\u044f\" \/>\n\t<meta name=\"twitter:data1\" content=\"1 \u0445\u0432\u0438\u043b\u0438\u043d\u0430\" \/>\n<script type=\"application\/ld+json\" class=\"yoast-schema-graph\">{\"@context\":\"https:\/\/schema.org\",\"@graph\":[{\"@type\":\"WebPage\",\"@id\":\"https:\/\/perfectserwis.com\/\",\"url\":\"https:\/\/perfectserwis.com\/\",\"name\":\"Wyb\u00f3r - perfectserwis.com\",\"isPartOf\":{\"@id\":\"https:\/\/perfectserwis.com\/pl\/#website\"},\"datePublished\":\"2026-02-03T13:56:06+00:00\",\"dateModified\":\"2026-02-03T13:56:07+00:00\",\"breadcrumb\":{\"@id\":\"https:\/\/perfectserwis.com\/#breadcrumb\"},\"inLanguage\":\"uk\",\"potentialAction\":[{\"@type\":\"ReadAction\",\"target\":[\"https:\/\/perfectserwis.com\/\"]}]},{\"@type\":\"BreadcrumbList\",\"@id\":\"https:\/\/perfectserwis.com\/#breadcrumb\",\"itemListElement\":[{\"@type\":\"ListItem\",\"position\":1,\"name\":\"Strona g\u0142\u00f3wna\",\"item\":\"https:\/\/perfectserwis.com\/\"},{\"@type\":\"ListItem\",\"position\":2,\"name\":\"Wyb\u00f3r\"}]},{\"@type\":\"WebSite\",\"@id\":\"https:\/\/perfectserwis.com\/pl\/#website\",\"url\":\"https:\/\/perfectserwis.com\/pl\/\",\"name\":\"perfectserwis.com\",\"description\":\"\",\"publisher\":{\"@id\":\"https:\/\/perfectserwis.com\/pl\/#organization\"},\"potentialAction\":[{\"@type\":\"SearchAction\",\"target\":{\"@type\":\"EntryPoint\",\"urlTemplate\":\"https:\/\/perfectserwis.com\/pl\/?s={search_term_string}\"},\"query-input\":{\"@type\":\"PropertyValueSpecification\",\"valueRequired\":true,\"valueName\":\"search_term_string\"}}],\"inLanguage\":\"uk\"},{\"@type\":\"Organization\",\"@id\":\"https:\/\/perfectserwis.com\/pl\/#organization\",\"name\":\"PERFECT SERVIS\",\"url\":\"https:\/\/perfectserwis.com\/pl\/\",\"logo\":{\"@type\":\"ImageObject\",\"inLanguage\":\"uk\",\"@id\":\"https:\/\/perfectserwis.com\/pl\/#\/schema\/logo\/image\/\",\"url\":\"https:\/\/perfectserwis.com\/wp-content\/uploads\/2025\/09\/cropped-LOGO-PERFECTSERWIS.COM_-1.png\",\"contentUrl\":\"https:\/\/perfectserwis.com\/wp-content\/uploads\/2025\/09\/cropped-LOGO-PERFECTSERWIS.COM_-1.png\",\"width\":500,\"height\":354,\"caption\":\"PERFECT SERVIS\"},\"image\":{\"@id\":\"https:\/\/perfectserwis.com\/pl\/#\/schema\/logo\/image\/\"}}]}<\/script>\n<!-- \/ Yoast SEO plugin. -->","yoast_head_json":{"title":"Wyb\u00f3r - perfectserwis.com","robots":{"index":"index","follow":"follow","max-snippet":"max-snippet:-1","max-image-preview":"max-image-preview:large","max-video-preview":"max-video-preview:-1"},"canonical":"https:\/\/perfectserwis.com\/uk\/","og_locale":"uk_UA","og_type":"article","og_title":"Wyb\u00f3r - perfectserwis.com","og_description":"Strona g\u0142owna okre\u015blczy jeste\u015b pracownikiem czy pracodawc\u0105","og_url":"https:\/\/perfectserwis.com\/uk\/","og_site_name":"perfectserwis.com","article_modified_time":"2026-02-03T13:56:07+00:00","twitter_card":"summary_large_image","twitter_misc":{"\u041f\u0440\u0438\u0431\u043b. \u0447\u0430\u0441 \u0447\u0438\u0442\u0430\u043d\u043d\u044f":"1 \u0445\u0432\u0438\u043b\u0438\u043d\u0430"},"schema":{"@context":"https:\/\/schema.org","@graph":[{"@type":"WebPage","@id":"https:\/\/perfectserwis.com\/","url":"https:\/\/perfectserwis.com\/","name":"Wyb\u00f3r - perfectserwis.com","isPartOf":{"@id":"https:\/\/perfectserwis.com\/pl\/#website"},"datePublished":"2026-02-03T13:56:06+00:00","dateModified":"2026-02-03T13:56:07+00:00","breadcrumb":{"@id":"https:\/\/perfectserwis.com\/#breadcrumb"},"inLanguage":"uk","potentialAction":[{"@type":"ReadAction","target":["https:\/\/perfectserwis.com\/"]}]},{"@type":"BreadcrumbList","@id":"https:\/\/perfectserwis.com\/#breadcrumb","itemListElement":[{"@type":"ListItem","position":1,"name":"Strona g\u0142\u00f3wna","item":"https:\/\/perfectserwis.com\/"},{"@type":"ListItem","position":2,"name":"Wyb\u00f3r"}]},{"@type":"WebSite","@id":"https:\/\/perfectserwis.com\/pl\/#website","url":"https:\/\/perfectserwis.com\/pl\/","name":"perfectserwis.com","description":"","publisher":{"@id":"https:\/\/perfectserwis.com\/pl\/#organization"},"potentialAction":[{"@type":"SearchAction","target":{"@type":"EntryPoint","urlTemplate":"https:\/\/perfectserwis.com\/pl\/?s={search_term_string}"},"query-input":{"@type":"PropertyValueSpecification","valueRequired":true,"valueName":"search_term_string"}}],"inLanguage":"uk"},{"@type":"Organization","@id":"https:\/\/perfectserwis.com\/pl\/#organization","name":"PERFECT SERVIS","url":"https:\/\/perfectserwis.com\/pl\/","logo":{"@type":"ImageObject","inLanguage":"uk","@id":"https:\/\/perfectserwis.com\/pl\/#\/schema\/logo\/image\/","url":"https:\/\/perfectserwis.com\/wp-content\/uploads\/2025\/09\/cropped-LOGO-PERFECTSERWIS.COM_-1.png","contentUrl":"https:\/\/perfectserwis.com\/wp-content\/uploads\/2025\/09\/cropped-LOGO-PERFECTSERWIS.COM_-1.png","width":500,"height":354,"caption":"PERFECT SERVIS"},"image":{"@id":"https:\/\/perfectserwis.com\/pl\/#\/schema\/logo\/image\/"}}]}},"uagb_featured_image_src":{"full":false,"thumbnail":false,"medium":false,"medium_large":false,"large":false,"1536x1536":false,"2048x2048":false,"trp-custom-language-flag":false},"uagb_author_info":{"display_name":"oskar@milkowski.pro","author_link":"http:\/\/perfectserwis.com\/uk\/author\/oskarmilkowski-pro\/"},"uagb_comment_info":0,"uagb_excerpt":"Strona g\u0142owna okre\u015blczy jeste\u015b pracownikiem czy pracodawc\u0105","_links":{"self":[{"href":"http:\/\/perfectserwis.com\/uk\/wp-json\/wp\/v2\/pages\/161","targetHints":{"allow":["GET"]}}],"collection":[{"href":"http:\/\/perfectserwis.com\/uk\/wp-json\/wp\/v2\/pages"}],"about":[{"href":"http:\/\/perfectserwis.com\/uk\/wp-json\/wp\/v2\/types\/page"}],"author":[{"embeddable":true,"href":"http:\/\/perfectserwis.com\/uk\/wp-json\/wp\/v2\/users\/1"}],"replies":[{"embeddable":true,"href":"http:\/\/perfectserwis.com\/uk\/wp-json\/wp\/v2\/comments?post=161"}],"version-history":[{"count":1,"href":"http:\/\/perfectserwis.com\/uk\/wp-json\/wp\/v2\/pages\/161\/revisions"}],"predecessor-version":[{"id":163,"href":"http:\/\/perfectserwis.com\/uk\/wp-json\/wp\/v2\/pages\/161\/revisions\/163"}],"wp:attachment":[{"href":"http:\/\/perfectserwis.com\/uk\/wp-json\/wp\/v2\/media?parent=161"}],"curies":[{"name":"wp","href":"https:\/\/api.w.org\/{rel}","templated":true}]}}